{"id":19,"date":"2021-11-18T07:09:19","date_gmt":"2021-11-18T06:09:19","guid":{"rendered":"https:\/\/www.the-helping-people.com\/?page_id=19"},"modified":"2022-06-14T05:20:53","modified_gmt":"2022-06-14T03:20:53","slug":"die-helfer","status":"publish","type":"page","link":"https:\/\/www.the-helping-people.com\/en\/die-helfer\/","title":{"rendered":"Our HELPING PEOPLE"},"content":{"rendered":"<div data-elementor-type=\"wp-page\" data-elementor-id=\"19\" class=\"elementor elementor-19\" data-elementor-post-type=\"page\">\n\t\t\t\t\t\t<section class=\"elementor-section elementor-top-section elementor-element elementor-element-b7355b9 elementor-section-full_width elementor-section-height-default elementor-section-height-default\" data-id=\"b7355b9\" data-element_type=\"section\">\n\t\t\t\t\t\t<div class=\"elementor-container elementor-column-gap-no\">\n\t\t\t\t\t<div class=\"elementor-column elementor-col-100 elementor-top-column elementor-element elementor-element-68cb154\" data-id=\"68cb154\" data-element_type=\"column\">\n\t\t\t<div class=\"elementor-widget-wrap elementor-element-populated\">\n\t\t\t\t\t\t<div class=\"elementor-element elementor-element-05cae59 elementor-widget elementor-widget-thpheader\" data-id=\"05cae59\" data-element_type=\"widget\" data-widget_type=\"thpheader.default\">\n\t\t\t\t<div class=\"elementor-widget-container\">\n\t\t\t\t\t<div class=\"thp-header\"><div class=\"thp-header-more\"><div class=\"thp-header-title\"><h1><span >Our HELPING PEOPLE<\/span><\/h1><\/div><\/div><\/div>\t\t\t\t<\/div>\n\t\t\t\t<\/div>\n\t\t\t\t\t<\/div>\n\t\t<\/div>\n\t\t\t\t\t<\/div>\n\t\t<\/section>\n\t\t\t\t<section class=\"elementor-section elementor-top-section elementor-element elementor-element-63fb79b elementor-section-boxed elementor-section-height-default elementor-section-height-default\" data-id=\"63fb79b\" data-element_type=\"section\">\n\t\t\t\t\t\t<div class=\"elementor-container elementor-column-gap-default\">\n\t\t\t\t\t<div class=\"elementor-column elementor-col-100 elementor-top-column elementor-element elementor-element-dc2c5dc\" data-id=\"dc2c5dc\" data-element_type=\"column\">\n\t\t\t<div class=\"elementor-widget-wrap elementor-element-populated\">\n\t\t\t\t\t\t<div class=\"elementor-element elementor-element-ecf9565 elementor-widget elementor-widget-heading\" data-id=\"ecf9565\" data-element_type=\"widget\" data-widget_type=\"heading.default\">\n\t\t\t\t<div class=\"elementor-widget-container\">\n\t\t\t\t\t<h2 class=\"elementor-heading-title elementor-size-default\">WITHOUT YOU, NONE OF THIS WOULD BE POSSIBLE!<\/h2>\t\t\t\t<\/div>\n\t\t\t\t<\/div>\n\t\t\t\t\t<\/div>\n\t\t<\/div>\n\t\t\t\t\t<\/div>\n\t\t<\/section>\n\t\t\t\t<section class=\"elementor-section elementor-top-section elementor-element elementor-element-0c9e2ae elementor-section-boxed elementor-section-height-default elementor-section-height-default\" data-id=\"0c9e2ae\" data-element_type=\"section\">\n\t\t\t\t\t\t<div class=\"elementor-container elementor-column-gap-default\">\n\t\t\t\t\t<div class=\"elementor-column elementor-col-100 elementor-top-column elementor-element elementor-element-bdaff78\" data-id=\"bdaff78\" data-element_type=\"column\">\n\t\t\t<div class=\"elementor-widget-wrap elementor-element-populated\">\n\t\t\t\t\t\t<div class=\"elementor-element elementor-element-415ac6f elementor-widget elementor-widget-text-editor\" data-id=\"415ac6f\" data-element_type=\"widget\" data-widget_type=\"text-editor.default\">\n\t\t\t\t<div class=\"elementor-widget-container\">\n\t\t\t\t\t\t\t\t\t<p>Our HELPING PEOPLE are people who <strong>take responsibility<\/strong> <strong>and make donations to projects.<\/strong><br \/>You help with your donation where it is needed, the projects are sustainable and your donation makes a real difference.<\/p>\t\t\t\t\t\t\t\t<\/div>\n\t\t\t\t<\/div>\n\t\t\t\t\t<\/div>\n\t\t<\/div>\n\t\t\t\t\t<\/div>\n\t\t<\/section>\n\t\t\t\t<section class=\"elementor-section elementor-top-section elementor-element elementor-element-a0ce155 elementor-section-boxed elementor-section-height-default elementor-section-height-default\" data-id=\"a0ce155\" data-element_type=\"section\">\n\t\t\t\t\t\t<div class=\"elementor-container elementor-column-gap-default\">\n\t\t\t\t\t<div class=\"elementor-column elementor-col-100 elementor-top-column elementor-element elementor-element-8541d49\" data-id=\"8541d49\" data-element_type=\"column\">\n\t\t\t<div class=\"elementor-widget-wrap elementor-element-populated\">\n\t\t\t\t\t\t<div class=\"elementor-element elementor-element-2259a9c elementor-widget elementor-widget-shortcode\" data-id=\"2259a9c\" data-element_type=\"widget\" data-widget_type=\"shortcode.default\">\n\t\t\t\t<div class=\"elementor-widget-container\">\n\t\t\t\t\t\t\t<div class=\"elementor-shortcode\"><div id=\"photocols4dec7f07193712ea8e74216c80271f85\" class=\"thpwall\" data-limit=\"50\"\r\n     data-colswidth=\"350\" data-height=\"2500\"\r\n     data-opacity=\"0.1\" data-bgcolor=\"#fff\"\r\n     data-gap=\"20\" data-data=\"[{'title':'Thorsten Hackspiel','subtitle':'','url':'https:\\\/\\\/www.the-helping-people.com\\\/en\\\/die-helfer\\\/thorsten-hackspiel\\\/','img':'https:\\\/\\\/www.the-helping-people.com\\\/wp-content\\\/uploads\\\/2021\\\/11\\\/ox8_Thorsten_Hackspiel_Portrait_2-768x584.png'},{'title':'Wanja Greuel','subtitle':'','url':'https:\\\/\\\/www.the-helping-people.com\\\/en\\\/die-helfer\\\/wanja-greuel\\\/','img':'https:\\\/\\\/www.the-helping-people.com\\\/wp-content\\\/uploads\\\/2021\\\/11\\\/Wanja_Greuel-768x432.jpg'},{'title':'Stefan Eishold','subtitle':'','url':'https:\\\/\\\/www.the-helping-people.com\\\/en\\\/die-helfer\\\/stefan-eishold\\\/','img':'https:\\\/\\\/www.the-helping-people.com\\\/wp-content\\\/uploads\\\/2021\\\/11\\\/stefan-eishold-768x432.jpg'},{'title':'Timo Abid','subtitle':'','url':'https:\\\/\\\/www.the-helping-people.com\\\/en\\\/die-helfer\\\/timo-abid\\\/','img':'https:\\\/\\\/www.the-helping-people.com\\\/wp-content\\\/uploads\\\/2022\\\/05\\\/Timo-Abid-768x512.jpg'},{'title':'Andreas Engel','subtitle':'','url':'https:\\\/\\\/www.the-helping-people.com\\\/en\\\/die-helfer\\\/andreas-engel\\\/','img':'https:\\\/\\\/www.the-helping-people.com\\\/wp-content\\\/uploads\\\/2023\\\/01\\\/Andreas-Engel-neu.jpg'},{'title':'Michael Jonas','subtitle':'','url':'https:\\\/\\\/www.the-helping-people.com\\\/en\\\/die-helfer\\\/michael-jonas\\\/','img':'https:\\\/\\\/www.the-helping-people.com\\\/wp-content\\\/uploads\\\/2021\\\/11\\\/michael-jonas.jpg'},{'title':'Sabine und Carsten Wurm','subtitle':'','url':'https:\\\/\\\/www.the-helping-people.com\\\/en\\\/die-helfer\\\/sabine-und-carsten-wurm\\\/','img':'https:\\\/\\\/www.the-helping-people.com\\\/wp-content\\\/uploads\\\/2022\\\/02\\\/Carsten-Sabine-Wurm-768x698.jpg'},{'title':'Tim Aster','subtitle':'','url':'https:\\\/\\\/www.the-helping-people.com\\\/en\\\/die-helfer\\\/tim-aster\\\/','img':'https:\\\/\\\/www.the-helping-people.com\\\/wp-content\\\/uploads\\\/2022\\\/02\\\/TimAster-scaled-400x400-1.jpg'},{'title':'Judith Wurm','subtitle':'','url':'https:\\\/\\\/www.the-helping-people.com\\\/en\\\/die-helfer\\\/judith-wurm\\\/','img':'https:\\\/\\\/www.the-helping-people.com\\\/wp-content\\\/uploads\\\/2021\\\/11\\\/Judith-Wurm-3.jpg'},{'title':'Marian Wurm','subtitle':'','url':'https:\\\/\\\/www.the-helping-people.com\\\/en\\\/die-helfer\\\/marian-wurm\\\/','img':'https:\\\/\\\/www.the-helping-people.com\\\/wp-content\\\/uploads\\\/2021\\\/11\\\/DSC03462-2-scaled-768x859.jpg'},{'title':'Maik K\\u00e4bisch','subtitle':'','url':'https:\\\/\\\/www.the-helping-people.com\\\/en\\\/die-helfer\\\/maik-kaebisch\\\/','img':'https:\\\/\\\/www.the-helping-people.com\\\/wp-content\\\/uploads\\\/2023\\\/01\\\/Maik-Kaebisch-THP-768x676.jpg'},{'title':'Manuel H\\u00e4u\\u00dfler','subtitle':'','url':'https:\\\/\\\/www.the-helping-people.com\\\/en\\\/die-helfer\\\/manuel-haeussler\\\/','img':'https:\\\/\\\/www.the-helping-people.com\\\/wp-content\\\/uploads\\\/2021\\\/11\\\/manuelhaussler-768x576.jpg'},{'title':'Malte Wurm','subtitle':'','url':'https:\\\/\\\/www.the-helping-people.com\\\/en\\\/die-helfer\\\/malte-wurm\\\/','img':'https:\\\/\\\/www.the-helping-people.com\\\/wp-content\\\/uploads\\\/2021\\\/11\\\/DSC03366-scaled-768x432.jpg'},{'title':'Iris Bothe','subtitle':'','url':'https:\\\/\\\/www.the-helping-people.com\\\/en\\\/die-helfer\\\/iris-bothe\\\/','img':'https:\\\/\\\/www.the-helping-people.com\\\/wp-content\\\/uploads\\\/2022\\\/03\\\/Iris-Bothe-2-768x512.jpg'}]\"\r\n     style=\"min-height: 20px\"><\/div>\r\n\r\n<\/div>\n\t\t\t\t\t\t<\/div>\n\t\t\t\t<\/div>\n\t\t\t\t\t<\/div>\n\t\t<\/div>\n\t\t\t\t\t<\/div>\n\t\t<\/section>\n\t\t\t\t<\/div>","protected":false},"excerpt":{"rendered":"<p>Unsere HELPING PEOPLE Ohne euch, w\u00e4re davon nichts m\u00f6glich! Unsere HELPING PEOPLE sind Menschen die Verantwortung \u00fcbernehmen und f\u00fcr Projekte spenden. Sie helfen mit ihrer Spende dort, wo es n\u00f6tig ist, die Projekte nachhaltig sind und ihre Spende einen wirklichen Unterschied bewirkt.<\/p>","protected":false},"author":1,"featured_media":5045,"parent":0,"menu_order":0,"comment_status":"closed","ping_status":"closed","template":"","meta":{"_acf_changed":false,"inline_featured_image":false,"footnotes":""},"class_list":["post-19","page","type-page","status-publish","has-post-thumbnail","hentry"],"acf":[],"yoast_head":"<!-- This site is optimized with the Yoast SEO plugin v26.6 - https:\/\/yoast.com\/wordpress\/plugins\/seo\/ -->\n<title>THE HELPING PEOPLE - 100% Impact Spenden | unsere Helfer<\/title>\n<meta name=\"description\" content=\"THE HELPING PEOPLE unterst\u00fctzen mit THE HELPING PEOPLE. Wir unterst\u00fctzten Dich bei Deiner Spende \u2713 pers\u00f6nlich \u2713 mit 100 % Impact. Jetzt spenden\u25ba\" \/>\n<meta name=\"robots\" content=\"index, follow, max-snippet:-1, max-image-preview:large, max-video-preview:-1\" \/>\n<link rel=\"canonical\" href=\"https:\/\/www.the-helping-people.com\/en\/die-helfer\/\" \/>\n<meta property=\"og:locale\" content=\"en_GB\" \/>\n<meta property=\"og:type\" content=\"article\" \/>\n<meta property=\"og:title\" content=\"THE HELPING PEOPLE - 100% Impact Spenden | unsere Helfer\" \/>\n<meta property=\"og:description\" content=\"THE HELPING PEOPLE unterst\u00fctzen mit THE HELPING PEOPLE. Wir unterst\u00fctzten Dich bei Deiner Spende \u2713 pers\u00f6nlich \u2713 mit 100 % Impact. Jetzt spenden\u25ba\" \/>\n<meta property=\"og:url\" content=\"https:\/\/www.the-helping-people.com\/en\/die-helfer\/\" \/>\n<meta property=\"og:site_name\" content=\"The Helping People\" \/>\n<meta property=\"article:modified_time\" content=\"2022-06-14T03:20:53+00:00\" \/>\n<meta property=\"og:image\" content=\"https:\/\/www.the-helping-people.com\/wp-content\/uploads\/2021\/11\/LogoTHP.png\" \/>\n\t<meta property=\"og:image:width\" content=\"241\" \/>\n\t<meta property=\"og:image:height\" content=\"205\" \/>\n\t<meta property=\"og:image:type\" content=\"image\/png\" \/>\n<meta name=\"twitter:card\" content=\"summary_large_image\" \/>\n<meta name=\"twitter:label1\" content=\"Estimated reading time\" \/>\n\t<meta name=\"twitter:data1\" content=\"1 minute\" \/>\n<script type=\"application\/ld+json\" class=\"yoast-schema-graph\">{\"@context\":\"https:\/\/schema.org\",\"@graph\":[{\"@type\":\"WebPage\",\"@id\":\"https:\/\/www.the-helping-people.com\/die-helfer\/\",\"url\":\"https:\/\/www.the-helping-people.com\/die-helfer\/\",\"name\":\"THE HELPING PEOPLE - 100% Impact Spenden | unsere Helfer\",\"isPartOf\":{\"@id\":\"https:\/\/www.the-helping-people.com\/#website\"},\"primaryImageOfPage\":{\"@id\":\"https:\/\/www.the-helping-people.com\/die-helfer\/#primaryimage\"},\"image\":{\"@id\":\"https:\/\/www.the-helping-people.com\/die-helfer\/#primaryimage\"},\"thumbnailUrl\":\"https:\/\/www.the-helping-people.com\/wp-content\/uploads\/2021\/11\/LogoTHP.png\",\"datePublished\":\"2021-11-18T06:09:19+00:00\",\"dateModified\":\"2022-06-14T03:20:53+00:00\",\"description\":\"THE HELPING PEOPLE unterst\u00fctzen mit THE HELPING PEOPLE. Wir unterst\u00fctzten Dich bei Deiner Spende \u2713 pers\u00f6nlich \u2713 mit 100 % Impact. Jetzt spenden\u25ba\",\"breadcrumb\":{\"@id\":\"https:\/\/www.the-helping-people.com\/die-helfer\/#breadcrumb\"},\"inLanguage\":\"en-GB\",\"potentialAction\":[{\"@type\":\"ReadAction\",\"target\":[\"https:\/\/www.the-helping-people.com\/die-helfer\/\"]}]},{\"@type\":\"ImageObject\",\"inLanguage\":\"en-GB\",\"@id\":\"https:\/\/www.the-helping-people.com\/die-helfer\/#primaryimage\",\"url\":\"https:\/\/www.the-helping-people.com\/wp-content\/uploads\/2021\/11\/LogoTHP.png\",\"contentUrl\":\"https:\/\/www.the-helping-people.com\/wp-content\/uploads\/2021\/11\/LogoTHP.png\",\"width\":241,\"height\":205,\"caption\":\"LOGO THP transparent\"},{\"@type\":\"BreadcrumbList\",\"@id\":\"https:\/\/www.the-helping-people.com\/die-helfer\/#breadcrumb\",\"itemListElement\":[{\"@type\":\"ListItem\",\"position\":1,\"name\":\"Startseite\",\"item\":\"https:\/\/www.the-helping-people.com\/\"},{\"@type\":\"ListItem\",\"position\":2,\"name\":\"Unsere HELPING PEOPLE\"}]},{\"@type\":\"WebSite\",\"@id\":\"https:\/\/www.the-helping-people.com\/#website\",\"url\":\"https:\/\/www.the-helping-people.com\/\",\"name\":\"The Helping People\",\"description\":\"Unsere Mission: 100%\",\"publisher\":{\"@id\":\"https:\/\/www.the-helping-people.com\/#organization\"},\"potentialAction\":[{\"@type\":\"SearchAction\",\"target\":{\"@type\":\"EntryPoint\",\"urlTemplate\":\"https:\/\/www.the-helping-people.com\/?s={search_term_string}\"},\"query-input\":{\"@type\":\"PropertyValueSpecification\",\"valueRequired\":true,\"valueName\":\"search_term_string\"}}],\"inLanguage\":\"en-GB\"},{\"@type\":\"Organization\",\"@id\":\"https:\/\/www.the-helping-people.com\/#organization\",\"name\":\"THE HELPING PEOPLE STIFTUNG\",\"url\":\"https:\/\/www.the-helping-people.com\/\",\"logo\":{\"@type\":\"ImageObject\",\"inLanguage\":\"en-GB\",\"@id\":\"https:\/\/www.the-helping-people.com\/#\/schema\/logo\/image\/\",\"url\":\"https:\/\/www.the-helping-people.com\/wp-content\/uploads\/2021\/11\/Logo_thp.png\",\"contentUrl\":\"https:\/\/www.the-helping-people.com\/wp-content\/uploads\/2021\/11\/Logo_thp.png\",\"width\":348,\"height\":348,\"caption\":\"THE HELPING PEOPLE STIFTUNG\"},\"image\":{\"@id\":\"https:\/\/www.the-helping-people.com\/#\/schema\/logo\/image\/\"}}]}<\/script>\n<!-- \/ Yoast SEO plugin. -->","yoast_head_json":{"title":"THE HELPING PEOPLE - 100% impact donations | our helpers","description":"Support THE HELPING PEOPLE with THE HELPING PEOPLE. We support you with your donation \u2713 personally \u2713 with 100% impact. Donate now\u25ba","robots":{"index":"index","follow":"follow","max-snippet":"max-snippet:-1","max-image-preview":"max-image-preview:large","max-video-preview":"max-video-preview:-1"},"canonical":"https:\/\/www.the-helping-people.com\/en\/die-helfer\/","og_locale":"en_GB","og_type":"article","og_title":"THE HELPING PEOPLE - 100% Impact Spenden | unsere Helfer","og_description":"THE HELPING PEOPLE unterst\u00fctzen mit THE HELPING PEOPLE. Wir unterst\u00fctzten Dich bei Deiner Spende \u2713 pers\u00f6nlich \u2713 mit 100 % Impact. Jetzt spenden\u25ba","og_url":"https:\/\/www.the-helping-people.com\/en\/die-helfer\/","og_site_name":"The Helping People","article_modified_time":"2022-06-14T03:20:53+00:00","og_image":[{"width":241,"height":205,"url":"https:\/\/www.the-helping-people.com\/wp-content\/uploads\/2021\/11\/LogoTHP.png","type":"image\/png"}],"twitter_card":"summary_large_image","twitter_misc":{"Estimated reading time":"1 minute"},"schema":{"@context":"https:\/\/schema.org","@graph":[{"@type":"WebPage","@id":"https:\/\/www.the-helping-people.com\/die-helfer\/","url":"https:\/\/www.the-helping-people.com\/die-helfer\/","name":"THE HELPING PEOPLE - 100% impact donations | our helpers","isPartOf":{"@id":"https:\/\/www.the-helping-people.com\/#website"},"primaryImageOfPage":{"@id":"https:\/\/www.the-helping-people.com\/die-helfer\/#primaryimage"},"image":{"@id":"https:\/\/www.the-helping-people.com\/die-helfer\/#primaryimage"},"thumbnailUrl":"https:\/\/www.the-helping-people.com\/wp-content\/uploads\/2021\/11\/LogoTHP.png","datePublished":"2021-11-18T06:09:19+00:00","dateModified":"2022-06-14T03:20:53+00:00","description":"Support THE HELPING PEOPLE with THE HELPING PEOPLE. We support you with your donation \u2713 personally \u2713 with 100% impact. Donate now\u25ba","breadcrumb":{"@id":"https:\/\/www.the-helping-people.com\/die-helfer\/#breadcrumb"},"inLanguage":"en-GB","potentialAction":[{"@type":"ReadAction","target":["https:\/\/www.the-helping-people.com\/die-helfer\/"]}]},{"@type":"ImageObject","inLanguage":"en-GB","@id":"https:\/\/www.the-helping-people.com\/die-helfer\/#primaryimage","url":"https:\/\/www.the-helping-people.com\/wp-content\/uploads\/2021\/11\/LogoTHP.png","contentUrl":"https:\/\/www.the-helping-people.com\/wp-content\/uploads\/2021\/11\/LogoTHP.png","width":241,"height":205,"caption":"LOGO THP transparent"},{"@type":"BreadcrumbList","@id":"https:\/\/www.the-helping-people.com\/die-helfer\/#breadcrumb","itemListElement":[{"@type":"ListItem","position":1,"name":"Startseite","item":"https:\/\/www.the-helping-people.com\/"},{"@type":"ListItem","position":2,"name":"Unsere HELPING PEOPLE"}]},{"@type":"WebSite","@id":"https:\/\/www.the-helping-people.com\/#website","url":"https:\/\/www.the-helping-people.com\/","name":"The Helping People","description":"Unsere Mission: 100%","publisher":{"@id":"https:\/\/www.the-helping-people.com\/#organization"},"potentialAction":[{"@type":"SearchAction","target":{"@type":"EntryPoint","urlTemplate":"https:\/\/www.the-helping-people.com\/?s={search_term_string}"},"query-input":{"@type":"PropertyValueSpecification","valueRequired":true,"valueName":"search_term_string"}}],"inLanguage":"en-GB"},{"@type":"Organization","@id":"https:\/\/www.the-helping-people.com\/#organization","name":"THE HELPING PEOPLE FOUNDATION","url":"https:\/\/www.the-helping-people.com\/","logo":{"@type":"ImageObject","inLanguage":"en-GB","@id":"https:\/\/www.the-helping-people.com\/#\/schema\/logo\/image\/","url":"https:\/\/www.the-helping-people.com\/wp-content\/uploads\/2021\/11\/Logo_thp.png","contentUrl":"https:\/\/www.the-helping-people.com\/wp-content\/uploads\/2021\/11\/Logo_thp.png","width":348,"height":348,"caption":"THE HELPING PEOPLE STIFTUNG"},"image":{"@id":"https:\/\/www.the-helping-people.com\/#\/schema\/logo\/image\/"}}]}},"_links":{"self":[{"href":"https:\/\/www.the-helping-people.com\/en\/wp-json\/wp\/v2\/pages\/19","targetHints":{"allow":["GET"]}}],"collection":[{"href":"https:\/\/www.the-helping-people.com\/en\/wp-json\/wp\/v2\/pages"}],"about":[{"href":"https:\/\/www.the-helping-people.com\/en\/wp-json\/wp\/v2\/types\/page"}],"author":[{"embeddable":true,"href":"https:\/\/www.the-helping-people.com\/en\/wp-json\/wp\/v2\/users\/1"}],"replies":[{"embeddable":true,"href":"https:\/\/www.the-helping-people.com\/en\/wp-json\/wp\/v2\/comments?post=19"}],"version-history":[{"count":125,"href":"https:\/\/www.the-helping-people.com\/en\/wp-json\/wp\/v2\/pages\/19\/revisions"}],"predecessor-version":[{"id":6633,"href":"https:\/\/www.the-helping-people.com\/en\/wp-json\/wp\/v2\/pages\/19\/revisions\/6633"}],"wp:featuredmedia":[{"embeddable":true,"href":"https:\/\/www.the-helping-people.com\/en\/wp-json\/wp\/v2\/media\/5045"}],"wp:attachment":[{"href":"https:\/\/www.the-helping-people.com\/en\/wp-json\/wp\/v2\/media?parent=19"}],"curies":[{"name":"wp","href":"https:\/\/api.w.org\/{rel}","templated":true}]}}