{"id":2148,"date":"2022-02-07T05:07:08","date_gmt":"2022-02-07T04:07:08","guid":{"rendered":"https:\/\/www.the-helping-people.com\/?page_id=2148"},"modified":"2022-03-04T18:34:06","modified_gmt":"2022-03-04T17:34:06","slug":"projektbewerbung","status":"publish","type":"page","link":"https:\/\/www.the-helping-people.com\/en\/projektbewerbung\/","title":{"rendered":"Projektbewerbung"},"content":{"rendered":"<div data-elementor-type=\"wp-page\" data-elementor-id=\"2148\" class=\"elementor elementor-2148\" data-elementor-post-type=\"page\">\n\t\t\t\t\t\t<section class=\"elementor-section elementor-top-section elementor-element elementor-element-87aef8a elementor-section-full_width elementor-section-height-default elementor-section-height-default\" data-id=\"87aef8a\" data-element_type=\"section\">\n\t\t\t\t\t\t<div class=\"elementor-container elementor-column-gap-no\">\n\t\t\t\t\t<div class=\"elementor-column elementor-col-100 elementor-top-column elementor-element elementor-element-dfd4995\" data-id=\"dfd4995\" data-element_type=\"column\">\n\t\t\t<div class=\"elementor-widget-wrap elementor-element-populated\">\n\t\t\t\t\t\t<div class=\"elementor-element elementor-element-0f4301a elementor-widget elementor-widget-thpheader\" data-id=\"0f4301a\" data-element_type=\"widget\" data-widget_type=\"thpheader.default\">\n\t\t\t\t<div class=\"elementor-widget-container\">\n\t\t\t\t\t<div class=\"thp-header\"><img fetchpriority=\"high\" decoding=\"async\" width=\"1250\" height=\"675\" src=\"https:\/\/www.the-helping-people.com\/wp-content\/uploads\/2021\/11\/Stock_THP-1250x675.jpg\" class=\"attachment-header-wide size-header-wide\" alt=\"\" \/><div class=\"thp-header-more\"><div class=\"thp-header-title\"><div><span >Projektbewerbung<\/span><\/div><\/div><\/div><\/div>\t\t\t\t<\/div>\n\t\t\t\t<\/div>\n\t\t\t\t\t<\/div>\n\t\t<\/div>\n\t\t\t\t\t<\/div>\n\t\t<\/section>\n\t\t\t\t<section class=\"elementor-section elementor-top-section elementor-element elementor-element-fcc8497 elementor-section-boxed elementor-section-height-default elementor-section-height-default\" data-id=\"fcc8497\" data-element_type=\"section\">\n\t\t\t\t\t\t<div class=\"elementor-container elementor-column-gap-default\">\n\t\t\t\t\t<div class=\"elementor-column elementor-col-100 elementor-top-column elementor-element elementor-element-a85a0ef\" data-id=\"a85a0ef\" data-element_type=\"column\">\n\t\t\t<div class=\"elementor-widget-wrap elementor-element-populated\">\n\t\t\t\t\t\t<div class=\"elementor-element elementor-element-edc2b1b elementor-widget elementor-widget-heading\" data-id=\"edc2b1b\" data-element_type=\"widget\" data-widget_type=\"heading.default\">\n\t\t\t\t<div class=\"elementor-widget-container\">\n\t\t\t\t\t<h2 class=\"elementor-heading-title elementor-size-default\">Wir freuen uns auf Deine Idee<\/h2>\t\t\t\t<\/div>\n\t\t\t\t<\/div>\n\t\t\t\t<div class=\"elementor-element elementor-element-ce22ce8 elementor-widget elementor-widget-heading\" data-id=\"ce22ce8\" data-element_type=\"widget\" data-widget_type=\"heading.default\">\n\t\t\t\t<div class=\"elementor-widget-container\">\n\t\t\t\t\t<div class=\"elementor-heading-title elementor-size-default\">Projektf\u00f6rderung<\/div>\t\t\t\t<\/div>\n\t\t\t\t<\/div>\n\t\t\t\t\t<\/div>\n\t\t<\/div>\n\t\t\t\t\t<\/div>\n\t\t<\/section>\n\t\t\t\t<section class=\"elementor-section elementor-top-section elementor-element elementor-element-f8b5732 elementor-section-boxed elementor-section-height-default elementor-section-height-default\" data-id=\"f8b5732\" data-element_type=\"section\">\n\t\t\t\t\t\t<div class=\"elementor-container elementor-column-gap-default\">\n\t\t\t\t\t<div class=\"elementor-column elementor-col-100 elementor-top-column elementor-element elementor-element-916fc2e\" data-id=\"916fc2e\" data-element_type=\"column\">\n\t\t\t<div class=\"elementor-widget-wrap elementor-element-populated\">\n\t\t\t\t\t\t<div class=\"elementor-element elementor-element-e5b15d9 elementor-widget elementor-widget-text-editor\" data-id=\"e5b15d9\" data-element_type=\"widget\" data-widget_type=\"text-editor.default\">\n\t\t\t\t<div class=\"elementor-widget-container\">\n\t\t\t\t\t\t\t\t\t<p>Du hast eine Projektidee oder betreust ein Projekt, das prinzipiell zu unseren F\u00f6rderkategorien passen k\u00f6nnte?<\/p><p>Dann nimm gerne Kontakt zu uns auf. Wir werden zeitnah auf Dich zukommen.<\/p>\t\t\t\t\t\t\t\t<\/div>\n\t\t\t\t<\/div>\n\t\t\t\t\t<\/div>\n\t\t<\/div>\n\t\t\t\t\t<\/div>\n\t\t<\/section>\n\t\t\t\t<section class=\"elementor-section elementor-top-section elementor-element elementor-element-8643549 elementor-section-boxed elementor-section-height-default elementor-section-height-default\" data-id=\"8643549\" data-element_type=\"section\">\n\t\t\t\t\t\t<div class=\"elementor-container elementor-column-gap-default\">\n\t\t\t\t\t<div class=\"elementor-column elementor-col-100 elementor-top-column elementor-element elementor-element-4a9de7b\" data-id=\"4a9de7b\" data-element_type=\"column\">\n\t\t\t<div class=\"elementor-widget-wrap elementor-element-populated\">\n\t\t\t\t\t\t<div class=\"elementor-element elementor-element-5de67d3 elementor-widget elementor-widget-heading\" data-id=\"5de67d3\" data-element_type=\"widget\" data-widget_type=\"heading.default\">\n\t\t\t\t<div class=\"elementor-widget-container\">\n\t\t\t\t\t<div class=\"elementor-heading-title elementor-size-default\">Send a message<\/div>\t\t\t\t<\/div>\n\t\t\t\t<\/div>\n\t\t\t\t\t<\/div>\n\t\t<\/div>\n\t\t\t\t\t<\/div>\n\t\t<\/section>\n\t\t\t\t<section class=\"elementor-section elementor-top-section elementor-element elementor-element-c474f5c elementor-section-boxed elementor-section-height-default elementor-section-height-default\" data-id=\"c474f5c\" data-element_type=\"section\">\n\t\t\t\t\t\t<div class=\"elementor-container elementor-column-gap-default\">\n\t\t\t\t\t<div class=\"elementor-column elementor-col-50 elementor-top-column elementor-element elementor-element-f84b1a2\" data-id=\"f84b1a2\" data-element_type=\"column\">\n\t\t\t<div class=\"elementor-widget-wrap elementor-element-populated\">\n\t\t\t\t\t\t<div class=\"elementor-element elementor-element-35cca9b elementor-button-align-stretch elementor-widget elementor-widget-form\" data-id=\"35cca9b\" data-element_type=\"widget\" data-settings=\"{&quot;step_next_label&quot;:&quot;N\\u00e4chster&quot;,&quot;step_previous_label&quot;:&quot;Voriger&quot;,&quot;button_width&quot;:&quot;100&quot;,&quot;step_type&quot;:&quot;number_text&quot;,&quot;step_icon_shape&quot;:&quot;circle&quot;}\" data-widget_type=\"form.default\">\n\t\t\t\t<div class=\"elementor-widget-container\">\n\t\t\t\t\t\t\t<form class=\"elementor-form\" method=\"post\" name=\"Kontaktformular\" aria-label=\"CONTACT FORM\" action=\"\">\n\t\t\t<input type=\"hidden\" name=\"post_id\" value=\"2148\"\/>\n\t\t\t<input type=\"hidden\" name=\"form_id\" value=\"35cca9b\"\/>\n\t\t\t<input type=\"hidden\" name=\"referer_title\" value=\"Projektbewerbung - The Helping People\" \/>\n\n\t\t\t\t\t\t\t<input type=\"hidden\" name=\"queried_id\" value=\"2148\"\/>\n\t\t\t\n\t\t\t<div class=\"elementor-form-fields-wrapper elementor-labels-\">\n\t\t\t\t\t\t\t\t<div class=\"elementor-field-type-text elementor-field-group elementor-column elementor-field-group-anrede elementor-col-100\">\n\t\t\t\t\t\t\t\t\t\t\t\t<label for=\"form-field-anrede\" class=\"elementor-field-label elementor-screen-only\">\n\t\t\t\t\t\t\t\tOrganisation\t\t\t\t\t\t\t<\/label>\n\t\t\t\t\t\t\t\t\t\t\t\t\t\t<input size=\"1\" type=\"text\" name=\"form_fields[anrede]\" id=\"form-field-anrede\" class=\"elementor-field elementor-size-sm  elementor-field-textual\" placeholder=\"Organisation\">\n\t\t\t\t\t\t\t\t\t\t\t<\/div>\n\t\t\t\t\t\t\t\t<div class=\"elementor-field-type-text elementor-field-group elementor-column elementor-field-group-field_a155324 elementor-col-100\">\n\t\t\t\t\t\t\t\t\t\t\t\t<label for=\"form-field-field_a155324\" class=\"elementor-field-label elementor-screen-only\">\n\t\t\t\t\t\t\t\tSalutation\t\t\t\t\t\t\t<\/label>\n\t\t\t\t\t\t\t\t\t\t\t\t\t\t<input size=\"1\" type=\"text\" name=\"form_fields[field_a155324]\" id=\"form-field-field_a155324\" class=\"elementor-field elementor-size-sm  elementor-field-textual\" placeholder=\"Salutation\">\n\t\t\t\t\t\t\t\t\t\t\t<\/div>\n\t\t\t\t\t\t\t\t<div class=\"elementor-field-type-text elementor-field-group elementor-column elementor-field-group-field_9d89f6e elementor-col-100 elementor-field-required\">\n\t\t\t\t\t\t\t\t\t\t\t\t<label for=\"form-field-field_9d89f6e\" class=\"elementor-field-label elementor-screen-only\">\n\t\t\t\t\t\t\t\tName and surname\t\t\t\t\t\t\t<\/label>\n\t\t\t\t\t\t\t\t\t\t\t\t\t\t<input size=\"1\" type=\"text\" name=\"form_fields[field_9d89f6e]\" id=\"form-field-field_9d89f6e\" class=\"elementor-field elementor-size-sm  elementor-field-textual\" placeholder=\"Name and surname\" required=\"required\">\n\t\t\t\t\t\t\t\t\t\t\t<\/div>\n\t\t\t\t\t\t\t\t<div class=\"elementor-field-type-text elementor-field-group elementor-column elementor-field-group-field_f3dbe8c elementor-col-100 elementor-field-required\">\n\t\t\t\t\t\t\t\t\t\t\t\t<label for=\"form-field-field_f3dbe8c\" class=\"elementor-field-label elementor-screen-only\">\n\t\t\t\t\t\t\t\tE-Mail\t\t\t\t\t\t\t<\/label>\n\t\t\t\t\t\t\t\t\t\t\t\t\t\t<input size=\"1\" type=\"text\" name=\"form_fields[field_f3dbe8c]\" id=\"form-field-field_f3dbe8c\" class=\"elementor-field elementor-size-sm  elementor-field-textual\" placeholder=\"E-Mail\" required=\"required\">\n\t\t\t\t\t\t\t\t\t\t\t<\/div>\n\t\t\t\t\t\t\t\t<div class=\"elementor-field-type-text elementor-field-group elementor-column elementor-field-group-phone elementor-col-100 elementor-field-required\">\n\t\t\t\t\t\t\t\t\t\t\t\t<label for=\"form-field-phone\" class=\"elementor-field-label elementor-screen-only\">\n\t\t\t\t\t\t\t\tPhone\t\t\t\t\t\t\t<\/label>\n\t\t\t\t\t\t\t\t\t\t\t\t\t\t<input size=\"1\" type=\"text\" name=\"form_fields[phone]\" id=\"form-field-phone\" class=\"elementor-field elementor-size-sm  elementor-field-textual\" placeholder=\"Phone\" required=\"required\">\n\t\t\t\t\t\t\t\t\t\t\t<\/div>\n\t\t\t\t\t\t\t\t<div class=\"elementor-field-type-text elementor-field-group elementor-column elementor-field-group-field_52a7131 elementor-col-100 elementor-field-required\">\n\t\t\t\t\t\t\t\t\t\t\t\t<label for=\"form-field-field_52a7131\" class=\"elementor-field-label elementor-screen-only\">\n\t\t\t\t\t\t\t\tEinsatzgebiet\t\t\t\t\t\t\t<\/label>\n\t\t\t\t\t\t\t\t\t\t\t\t\t\t<input size=\"1\" type=\"text\" name=\"form_fields[field_52a7131]\" id=\"form-field-field_52a7131\" class=\"elementor-field elementor-size-sm  elementor-field-textual\" placeholder=\"Einsatzgebiet\" required=\"required\">\n\t\t\t\t\t\t\t\t\t\t\t<\/div>\n\t\t\t\t\t\t\t\t<div class=\"elementor-field-type-text elementor-field-group elementor-column elementor-field-group-field_fcfdef9 elementor-col-100 elementor-field-required\">\n\t\t\t\t\t\t\t\t\t\t\t\t<label for=\"form-field-field_fcfdef9\" class=\"elementor-field-label elementor-screen-only\">\n\t\t\t\t\t\t\t\tProjektname\t\t\t\t\t\t\t<\/label>\n\t\t\t\t\t\t\t\t\t\t\t\t\t\t<input size=\"1\" type=\"text\" name=\"form_fields[field_fcfdef9]\" id=\"form-field-field_fcfdef9\" class=\"elementor-field elementor-size-sm  elementor-field-textual\" placeholder=\"Projektname\" required=\"required\">\n\t\t\t\t\t\t\t\t\t\t\t<\/div>\n\t\t\t\t\t\t\t\t<div class=\"elementor-field-type-select elementor-field-group elementor-column elementor-field-group-field_6a117bf elementor-col-100 elementor-field-required\">\n\t\t\t\t\t\t\t\t\t\t\t\t<label for=\"form-field-field_6a117bf\" class=\"elementor-field-label elementor-screen-only\">\n\t\t\t\t\t\t\t\tProjektkategorie\t\t\t\t\t\t\t<\/label>\n\t\t\t\t\t\t\t\t<div class=\"elementor-field elementor-select-wrapper remove-before\">\n\t\t\t<div class=\"select-caret-down-wrapper\">\n\t\t\t\t<i aria-hidden=\"true\" class=\"eicon-caret-down\"><\/i>\t\t\t<\/div>\n\t\t\t<select name=\"form_fields[field_6a117bf]\" id=\"form-field-field_6a117bf\" class=\"elementor-field-textual elementor-size-sm\" required=\"required\">\n\t\t\t\t\t\t\t\t\t<option value=\"Klima- und Naturschutz\">Climate and nature protection<\/option>\n\t\t\t\t\t\t\t\t\t<option value=\"Bildung und Zukunft\">Education and future<\/option>\n\t\t\t\t\t\t\t\t\t<option value=\"Integration und Toleranz\">INTEGRATION AND TOLERANCE<\/option>\n\t\t\t\t\t\t\t<\/select>\n\t\t<\/div>\n\t\t\t\t\t\t<\/div>\n\t\t\t\t\t\t\t\t<div class=\"elementor-field-type-text elementor-field-group elementor-column elementor-field-group-message elementor-col-100\">\n\t\t\t\t\t\t\t\t\t\t\t\t<label for=\"form-field-message\" class=\"elementor-field-label elementor-screen-only\">\n\t\t\t\t\t\t\t\tProjektbeschreibung\t\t\t\t\t\t\t<\/label>\n\t\t\t\t\t\t\t\t\t\t\t\t\t\t<input size=\"1\" type=\"text\" name=\"form_fields[message]\" id=\"form-field-message\" class=\"elementor-field elementor-size-sm  elementor-field-textual\" placeholder=\"Projektbeschreibung\">\n\t\t\t\t\t\t\t\t\t\t\t<\/div>\n\t\t\t\t\t\t\t\t<div class=\"elementor-field-type-text elementor-field-group elementor-column elementor-field-group-field_1e9574d elementor-col-100\">\n\t\t\t\t\t\t\t\t\t\t\t\t<label for=\"form-field-field_1e9574d\" class=\"elementor-field-label elementor-screen-only\">\n\t\t\t\t\t\t\t\tProjektvolumen\t\t\t\t\t\t\t<\/label>\n\t\t\t\t\t\t\t\t\t\t\t\t\t\t<input size=\"1\" type=\"text\" name=\"form_fields[field_1e9574d]\" id=\"form-field-field_1e9574d\" class=\"elementor-field elementor-size-sm  elementor-field-textual\" placeholder=\"Projektvolumen\">\n\t\t\t\t\t\t\t\t\t\t\t<\/div>\n\t\t\t\t\t\t\t\t<div class=\"elementor-field-type-upload elementor-field-group elementor-column elementor-field-group-field_e1cffef elementor-col-100\">\n\t\t\t\t\t\t\t\t\t\t\t\t<label for=\"form-field-field_e1cffef\" class=\"elementor-field-label elementor-screen-only\">\n\t\t\t\t\t\t\t\tProjektbeschreibung hochladen\t\t\t\t\t\t\t<\/label>\n\t\t\t\t\t\t\t\t<input type=\"file\" name=\"form_fields[field_e1cffef]\" id=\"form-field-field_e1cffef\" class=\"elementor-field elementor-size-sm  elementor-upload-field\" data-maxsize=\"10\" data-maxsize-message=\"Diese Datei \u00fcbersteigt die maximale Dateigr\u00f6\u00dfe\">\n\n\t\t\t\t\t\t<\/div>\n\t\t\t\t\t\t\t\t<div class=\"elementor-field-type-acceptance elementor-field-group elementor-column elementor-field-group-field_b94a8a7 elementor-col-100 elementor-field-required\">\n\t\t\t\t\t\t\t<div class=\"elementor-field-subgroup\">\n\t\t\t<span class=\"elementor-field-option\">\n\t\t\t\t<input type=\"checkbox\" name=\"form_fields[field_b94a8a7]\" id=\"form-field-field_b94a8a7\" class=\"elementor-field elementor-size-sm  elementor-acceptance-field\" required=\"required\">\n\t\t\t\t<label for=\"form-field-field_b94a8a7\">I have read the <b> <a href=\"https:\/\/www.the-helping-people.com\/en\/datenschutzerklaerung\/\" class=\"elementor-item\">Privacy policy<\/a> <\/b> gelesen und stimme diesem zu.<\/label>\t\t\t<\/span>\n\t\t<\/div>\n\t\t\t\t\t\t<\/div>\n\t\t\t\t\t\t\t\t<div class=\"elementor-field-group elementor-column elementor-field-type-submit elementor-col-100 e-form__buttons\">\n\t\t\t\t\t<button class=\"elementor-button elementor-size-sm\" type=\"submit\">\n\t\t\t\t\t\t<span class=\"elementor-button-content-wrapper\">\n\t\t\t\t\t\t\t\t\t\t\t\t\t\t\t\t\t\t\t\t\t\t<span class=\"elementor-button-text\">Send<\/span>\n\t\t\t\t\t\t\t\t\t\t\t\t\t<\/span>\n\t\t\t\t\t<\/button>\n\t\t\t\t<\/div>\n\t\t\t<\/div>\n\t\t<input type=\"hidden\" name=\"trp-form-language\" value=\"en\"\/><\/form>\n\t\t\t\t\t\t<\/div>\n\t\t\t\t<\/div>\n\t\t\t\t\t<\/div>\n\t\t<\/div>\n\t\t\t\t<div class=\"elementor-column elementor-col-50 elementor-top-column elementor-element elementor-element-e40d529 elementor-hidden-mobile\" data-id=\"e40d529\" data-element_type=\"column\" data-settings=\"{&quot;background_background&quot;:&quot;classic&quot;}\">\n\t\t\t<div class=\"elementor-widget-wrap elementor-element-populated\">\n\t\t\t\t\t<div class=\"elementor-background-overlay\"><\/div>\n\t\t\t\t\t\t<div class=\"elementor-element elementor-element-9596c5a elementor-widget elementor-widget-heading\" data-id=\"9596c5a\" data-element_type=\"widget\" data-widget_type=\"heading.default\">\n\t\t\t\t<div class=\"elementor-widget-container\">\n\t\t\t\t\t<h2 class=\"elementor-heading-title elementor-size-default\">Wir unsterst\u00fctzen Projekte weltweit.<\/h2>\t\t\t\t<\/div>\n\t\t\t\t<\/div>\n\t\t\t\t\t<\/div>\n\t\t<\/div>\n\t\t\t\t\t<\/div>\n\t\t<\/section>\n\t\t\t\t<section class=\"elementor-section elementor-top-section elementor-element elementor-element-b114d04 elementor-section-boxed elementor-section-height-default elementor-section-height-default\" data-id=\"b114d04\" data-element_type=\"section\">\n\t\t\t\t\t\t<div class=\"elementor-container elementor-column-gap-default\">\n\t\t\t\t\t<div class=\"elementor-column elementor-col-100 elementor-top-column elementor-element elementor-element-e2642a9\" data-id=\"e2642a9\" data-element_type=\"column\">\n\t\t\t<div class=\"elementor-widget-wrap elementor-element-populated\">\n\t\t\t\t\t\t<div class=\"elementor-element elementor-element-4ee0f54 elementor-widget elementor-widget-spacer\" data-id=\"4ee0f54\" data-element_type=\"widget\" data-widget_type=\"spacer.default\">\n\t\t\t\t<div class=\"elementor-widget-container\">\n\t\t\t\t\t\t\t<div class=\"elementor-spacer\">\n\t\t\t<div class=\"elementor-spacer-inner\"><\/div>\n\t\t<\/div>\n\t\t\t\t\t\t<\/div>\n\t\t\t\t<\/div>\n\t\t\t\t\t<\/div>\n\t\t<\/div>\n\t\t\t\t\t<\/div>\n\t\t<\/section>\n\t\t\t\t<\/div>","protected":false},"excerpt":{"rendered":"<p>Projektbewerbung Wir freuen uns auf Deine Idee Projektf\u00f6rderung Du hast eine Projektidee oder betreust ein Projekt, das prinzipiell zu unseren F\u00f6rderkategorien passen k\u00f6nnte? Dann nimm gerne Kontakt zu uns auf. Wir werden zeitnah auf Dich zukommen. Nachricht senden Wir unsterst\u00fctzen Projekte weltweit.<\/p>","protected":false},"author":5,"featured_media":0,"parent":0,"menu_order":0,"comment_status":"closed","ping_status":"closed","template":"","meta":{"_acf_changed":false,"inline_featured_image":false,"footnotes":""},"class_list":["post-2148","page","type-page","status-publish","hentry"],"acf":[],"yoast_head":"<!-- This site is optimized with the Yoast SEO plugin v26.6 - https:\/\/yoast.com\/wordpress\/plugins\/seo\/ -->\n<title>Projektbewerbung - The Helping People<\/title>\n<meta name=\"robots\" content=\"index, follow, max-snippet:-1, max-image-preview:large, max-video-preview:-1\" \/>\n<link rel=\"canonical\" href=\"https:\/\/www.the-helping-people.com\/en\/projektbewerbung\/\" \/>\n<meta property=\"og:locale\" content=\"en_GB\" \/>\n<meta property=\"og:type\" content=\"article\" \/>\n<meta property=\"og:title\" content=\"Projektbewerbung - The Helping People\" \/>\n<meta property=\"og:description\" content=\"Projektbewerbung Wir freuen uns auf Deine Idee Projektf\u00f6rderung Du hast eine Projektidee oder betreust ein Projekt, das prinzipiell zu unseren F\u00f6rderkategorien passen k\u00f6nnte? Dann nimm gerne Kontakt zu uns auf. Wir werden zeitnah auf Dich zukommen. Nachricht senden Wir unsterst\u00fctzen Projekte weltweit.\" \/>\n<meta property=\"og:url\" content=\"https:\/\/www.the-helping-people.com\/en\/projektbewerbung\/\" \/>\n<meta property=\"og:site_name\" content=\"The Helping People\" \/>\n<meta property=\"article:modified_time\" content=\"2022-03-04T17:34:06+00:00\" \/>\n<meta property=\"og:image\" content=\"https:\/\/www.the-helping-people.com\/wp-content\/uploads\/2021\/11\/Stock_THP-1250x675.jpg\" \/>\n<meta name=\"twitter:card\" content=\"summary_large_image\" \/>\n<meta name=\"twitter:label1\" content=\"Estimated reading time\" \/>\n\t<meta name=\"twitter:data1\" content=\"1 minute\" \/>\n<script type=\"application\/ld+json\" class=\"yoast-schema-graph\">{\"@context\":\"https:\/\/schema.org\",\"@graph\":[{\"@type\":\"WebPage\",\"@id\":\"https:\/\/www.the-helping-people.com\/projektbewerbung\/\",\"url\":\"https:\/\/www.the-helping-people.com\/projektbewerbung\/\",\"name\":\"Projektbewerbung - The Helping People\",\"isPartOf\":{\"@id\":\"https:\/\/www.the-helping-people.com\/#website\"},\"primaryImageOfPage\":{\"@id\":\"https:\/\/www.the-helping-people.com\/projektbewerbung\/#primaryimage\"},\"image\":{\"@id\":\"https:\/\/www.the-helping-people.com\/projektbewerbung\/#primaryimage\"},\"thumbnailUrl\":\"https:\/\/www.the-helping-people.com\/wp-content\/uploads\/2021\/11\/Stock_THP-1250x675.jpg\",\"datePublished\":\"2022-02-07T04:07:08+00:00\",\"dateModified\":\"2022-03-04T17:34:06+00:00\",\"breadcrumb\":{\"@id\":\"https:\/\/www.the-helping-people.com\/projektbewerbung\/#breadcrumb\"},\"inLanguage\":\"en-GB\",\"potentialAction\":[{\"@type\":\"ReadAction\",\"target\":[\"https:\/\/www.the-helping-people.com\/projektbewerbung\/\"]}]},{\"@type\":\"ImageObject\",\"inLanguage\":\"en-GB\",\"@id\":\"https:\/\/www.the-helping-people.com\/projektbewerbung\/#primaryimage\",\"url\":\"https:\/\/www.the-helping-people.com\/wp-content\/uploads\/2021\/11\/Stock_THP-1250x675.jpg\",\"contentUrl\":\"https:\/\/www.the-helping-people.com\/wp-content\/uploads\/2021\/11\/Stock_THP-1250x675.jpg\"},{\"@type\":\"BreadcrumbList\",\"@id\":\"https:\/\/www.the-helping-people.com\/projektbewerbung\/#breadcrumb\",\"itemListElement\":[{\"@type\":\"ListItem\",\"position\":1,\"name\":\"Startseite\",\"item\":\"https:\/\/www.the-helping-people.com\/\"},{\"@type\":\"ListItem\",\"position\":2,\"name\":\"Projektbewerbung\"}]},{\"@type\":\"WebSite\",\"@id\":\"https:\/\/www.the-helping-people.com\/#website\",\"url\":\"https:\/\/www.the-helping-people.com\/\",\"name\":\"The Helping People\",\"description\":\"Unsere Mission: 100%\",\"publisher\":{\"@id\":\"https:\/\/www.the-helping-people.com\/#organization\"},\"potentialAction\":[{\"@type\":\"SearchAction\",\"target\":{\"@type\":\"EntryPoint\",\"urlTemplate\":\"https:\/\/www.the-helping-people.com\/?s={search_term_string}\"},\"query-input\":{\"@type\":\"PropertyValueSpecification\",\"valueRequired\":true,\"valueName\":\"search_term_string\"}}],\"inLanguage\":\"en-GB\"},{\"@type\":\"Organization\",\"@id\":\"https:\/\/www.the-helping-people.com\/#organization\",\"name\":\"THE HELPING PEOPLE STIFTUNG\",\"url\":\"https:\/\/www.the-helping-people.com\/\",\"logo\":{\"@type\":\"ImageObject\",\"inLanguage\":\"en-GB\",\"@id\":\"https:\/\/www.the-helping-people.com\/#\/schema\/logo\/image\/\",\"url\":\"https:\/\/www.the-helping-people.com\/wp-content\/uploads\/2021\/11\/Logo_thp.png\",\"contentUrl\":\"https:\/\/www.the-helping-people.com\/wp-content\/uploads\/2021\/11\/Logo_thp.png\",\"width\":348,\"height\":348,\"caption\":\"THE HELPING PEOPLE STIFTUNG\"},\"image\":{\"@id\":\"https:\/\/www.the-helping-people.com\/#\/schema\/logo\/image\/\"}}]}<\/script>\n<!-- \/ Yoast SEO plugin. -->","yoast_head_json":{"title":"Projektbewerbung - The Helping People","robots":{"index":"index","follow":"follow","max-snippet":"max-snippet:-1","max-image-preview":"max-image-preview:large","max-video-preview":"max-video-preview:-1"},"canonical":"https:\/\/www.the-helping-people.com\/en\/projektbewerbung\/","og_locale":"en_GB","og_type":"article","og_title":"Projektbewerbung - The Helping People","og_description":"Projektbewerbung Wir freuen uns auf Deine Idee Projektf\u00f6rderung Du hast eine Projektidee oder betreust ein Projekt, das prinzipiell zu unseren F\u00f6rderkategorien passen k\u00f6nnte? Dann nimm gerne Kontakt zu uns auf. Wir werden zeitnah auf Dich zukommen. Nachricht senden Wir unsterst\u00fctzen Projekte weltweit.","og_url":"https:\/\/www.the-helping-people.com\/en\/projektbewerbung\/","og_site_name":"The Helping People","article_modified_time":"2022-03-04T17:34:06+00:00","og_image":[{"url":"https:\/\/www.the-helping-people.com\/wp-content\/uploads\/2021\/11\/Stock_THP-1250x675.jpg","type":"","width":"","height":""}],"twitter_card":"summary_large_image","twitter_misc":{"Estimated reading time":"1 minute"},"schema":{"@context":"https:\/\/schema.org","@graph":[{"@type":"WebPage","@id":"https:\/\/www.the-helping-people.com\/projektbewerbung\/","url":"https:\/\/www.the-helping-people.com\/projektbewerbung\/","name":"Projektbewerbung - The Helping People","isPartOf":{"@id":"https:\/\/www.the-helping-people.com\/#website"},"primaryImageOfPage":{"@id":"https:\/\/www.the-helping-people.com\/projektbewerbung\/#primaryimage"},"image":{"@id":"https:\/\/www.the-helping-people.com\/projektbewerbung\/#primaryimage"},"thumbnailUrl":"https:\/\/www.the-helping-people.com\/wp-content\/uploads\/2021\/11\/Stock_THP-1250x675.jpg","datePublished":"2022-02-07T04:07:08+00:00","dateModified":"2022-03-04T17:34:06+00:00","breadcrumb":{"@id":"https:\/\/www.the-helping-people.com\/projektbewerbung\/#breadcrumb"},"inLanguage":"en-GB","potentialAction":[{"@type":"ReadAction","target":["https:\/\/www.the-helping-people.com\/projektbewerbung\/"]}]},{"@type":"ImageObject","inLanguage":"en-GB","@id":"https:\/\/www.the-helping-people.com\/projektbewerbung\/#primaryimage","url":"https:\/\/www.the-helping-people.com\/wp-content\/uploads\/2021\/11\/Stock_THP-1250x675.jpg","contentUrl":"https:\/\/www.the-helping-people.com\/wp-content\/uploads\/2021\/11\/Stock_THP-1250x675.jpg"},{"@type":"BreadcrumbList","@id":"https:\/\/www.the-helping-people.com\/projektbewerbung\/#breadcrumb","itemListElement":[{"@type":"ListItem","position":1,"name":"Startseite","item":"https:\/\/www.the-helping-people.com\/"},{"@type":"ListItem","position":2,"name":"Projektbewerbung"}]},{"@type":"WebSite","@id":"https:\/\/www.the-helping-people.com\/#website","url":"https:\/\/www.the-helping-people.com\/","name":"The Helping People","description":"Unsere Mission: 100%","publisher":{"@id":"https:\/\/www.the-helping-people.com\/#organization"},"potentialAction":[{"@type":"SearchAction","target":{"@type":"EntryPoint","urlTemplate":"https:\/\/www.the-helping-people.com\/?s={search_term_string}"},"query-input":{"@type":"PropertyValueSpecification","valueRequired":true,"valueName":"search_term_string"}}],"inLanguage":"en-GB"},{"@type":"Organization","@id":"https:\/\/www.the-helping-people.com\/#organization","name":"THE HELPING PEOPLE FOUNDATION","url":"https:\/\/www.the-helping-people.com\/","logo":{"@type":"ImageObject","inLanguage":"en-GB","@id":"https:\/\/www.the-helping-people.com\/#\/schema\/logo\/image\/","url":"https:\/\/www.the-helping-people.com\/wp-content\/uploads\/2021\/11\/Logo_thp.png","contentUrl":"https:\/\/www.the-helping-people.com\/wp-content\/uploads\/2021\/11\/Logo_thp.png","width":348,"height":348,"caption":"THE HELPING PEOPLE STIFTUNG"},"image":{"@id":"https:\/\/www.the-helping-people.com\/#\/schema\/logo\/image\/"}}]}},"_links":{"self":[{"href":"https:\/\/www.the-helping-people.com\/en\/wp-json\/wp\/v2\/pages\/2148","targetHints":{"allow":["GET"]}}],"collection":[{"href":"https:\/\/www.the-helping-people.com\/en\/wp-json\/wp\/v2\/pages"}],"about":[{"href":"https:\/\/www.the-helping-people.com\/en\/wp-json\/wp\/v2\/types\/page"}],"author":[{"embeddable":true,"href":"https:\/\/www.the-helping-people.com\/en\/wp-json\/wp\/v2\/users\/5"}],"replies":[{"embeddable":true,"href":"https:\/\/www.the-helping-people.com\/en\/wp-json\/wp\/v2\/comments?post=2148"}],"version-history":[{"count":55,"href":"https:\/\/www.the-helping-people.com\/en\/wp-json\/wp\/v2\/pages\/2148\/revisions"}],"predecessor-version":[{"id":6201,"href":"https:\/\/www.the-helping-people.com\/en\/wp-json\/wp\/v2\/pages\/2148\/revisions\/6201"}],"wp:attachment":[{"href":"https:\/\/www.the-helping-people.com\/en\/wp-json\/wp\/v2\/media?parent=2148"}],"curies":[{"name":"wp","href":"https:\/\/api.w.org\/{rel}","templated":true}]}}