{"id":283,"date":"2021-11-25T17:04:39","date_gmt":"2021-11-25T16:04:39","guid":{"rendered":"https:\/\/www.the-helping-people.com\/?page_id=283"},"modified":"2022-11-04T12:10:31","modified_gmt":"2022-11-04T11:10:31","slug":"impressum","status":"publish","type":"page","link":"https:\/\/www.the-helping-people.com\/en\/impressum\/","title":{"rendered":"IMPRINT"},"content":{"rendered":"<div data-elementor-type=\"wp-page\" data-elementor-id=\"283\" class=\"elementor elementor-283\" data-elementor-post-type=\"page\">\n\t\t\t\t\t\t<section class=\"elementor-section elementor-top-section elementor-element elementor-element-afd85b2 elementor-section-full_width elementor-section-height-default elementor-section-height-default\" data-id=\"afd85b2\" data-element_type=\"section\">\n\t\t\t\t\t\t<div class=\"elementor-container elementor-column-gap-no\">\n\t\t\t\t\t<div class=\"elementor-column elementor-col-100 elementor-top-column elementor-element elementor-element-5549c10\" data-id=\"5549c10\" data-element_type=\"column\">\n\t\t\t<div class=\"elementor-widget-wrap elementor-element-populated\">\n\t\t\t\t\t\t<div class=\"elementor-element elementor-element-2c6bcb7 elementor-widget elementor-widget-thpheader\" data-id=\"2c6bcb7\" data-element_type=\"widget\" data-widget_type=\"thpheader.default\">\n\t\t\t\t<div class=\"elementor-widget-container\">\n\t\t\t\t\t<div class=\"thp-header\"><div class=\"thp-header-more\"><div class=\"thp-header-title\"><h1><span >IMPRINT<\/span><\/h1><\/div><\/div><\/div>\t\t\t\t<\/div>\n\t\t\t\t<\/div>\n\t\t\t\t\t<\/div>\n\t\t<\/div>\n\t\t\t\t\t<\/div>\n\t\t<\/section>\n\t\t\t\t<section class=\"elementor-section elementor-top-section elementor-element elementor-element-10dbcc6 elementor-section-boxed elementor-section-height-default elementor-section-height-default\" data-id=\"10dbcc6\" data-element_type=\"section\">\n\t\t\t\t\t\t<div class=\"elementor-container elementor-column-gap-default\">\n\t\t\t\t\t<div class=\"elementor-column elementor-col-66 elementor-top-column elementor-element elementor-element-dd9d3b0\" data-id=\"dd9d3b0\" data-element_type=\"column\">\n\t\t\t<div class=\"elementor-widget-wrap elementor-element-populated\">\n\t\t\t\t\t\t<div class=\"elementor-element elementor-element-4cca32a elementor-widget elementor-widget-text-editor\" data-id=\"4cca32a\" data-element_type=\"widget\" data-widget_type=\"text-editor.default\">\n\t\t\t\t<div class=\"elementor-widget-container\">\n\t\t\t\t\t\t\t\t\t<p><span dir=\"ltr\" role=\"presentation\">Information pursuant to \u00a7 5 of the German Telemedia Act<\/span><\/p><p><strong><span dir=\"ltr\" role=\"presentation\">THE HELPING PEOPLE FOUNDATION<\/span><\/strong><br role=\"presentation\" \/><span dir=\"ltr\" role=\"presentation\">Tulpenweg 12<\/span><br role=\"presentation\" \/><span dir=\"ltr\" role=\"presentation\">38108 Braunschweig<\/span><\/p><p><strong><span dir=\"ltr\" role=\"presentation\">Management Board:\u00a0 <\/span><\/strong><span dir=\"ltr\" role=\"presentation\">Judith Wurm &amp; Marian Wurm<\/span><\/p><p><strong><span dir=\"ltr\" role=\"presentation\">Contact<\/span><\/strong><br role=\"presentation\" \/><span dir=\"ltr\" role=\"presentation\"><strong>Telephone:<\/strong> 0531-37951761<\/span><br role=\"presentation\" \/><span dir=\"ltr\" role=\"presentation\"><strong>E-Mail:<\/strong> kontakt@the-helping-people.com<\/span><\/p><p><br role=\"presentation\" \/><strong><span dir=\"ltr\" role=\"presentation\">Editorial responsibility:<\/span><\/strong><br role=\"presentation\" \/><span dir=\"ltr\" role=\"presentation\">Marian Wurm und Judith Wurm<\/span><\/p><p>The Helping People Foundation is recognized as a charitable and non-profit foundation with legal capacity under civil law. Foundation supervisory authority: Braunschweig Office for Regional Development.<\/p><p><br role=\"presentation\" \/><span dir=\"ltr\" role=\"presentation\"><br \/><\/span><\/p><p style=\"font-weight: 400;\"><strong>Liability for contents:<\/strong><br \/>We strive to keep the contents of our pages up-to-date. Despite careful processing, any liability remains excluded. Our offer contains links to external websites of third parties, on whose contents we have no influence. The respective provider or operator of the pages is always responsible for the content of the linked pages. No guarantee is assumed for the contents and the accuracy of the information on linked websites of external information providers.<\/p><p style=\"font-weight: 400;\"><strong>Copyright:<\/strong><br \/>The contents and works created by the site operators on these pages are subject to the German copyright law. Duplication, processing, distribution and any kind of exploitation outside the limits of the copyright law shall require written consent of the respective author or creator.<\/p><p style=\"font-weight: 400;\"><strong>Photo credits:<\/strong><\/p><p style=\"font-weight: 400;\">Header image on home page \u00a9 <span lang=\"DE-DE\" xml:lang=\"DE-DE\" data-contrast=\"auto\">Manuel H\u00e4u\u00dfler \/ Street Children Leedo<\/span><\/p><p>Header image for Health and prevention \u00a9 <span lang=\"DE-DE\" xml:lang=\"DE-DE\" data-contrast=\"auto\">Manuel H\u00e4u\u00dfler \/ Street Children Leedo<\/span><\/p><p>Header image for Climate and nature protection \u00a9 <span lang=\"DE-DE\" xml:lang=\"DE-DE\" data-contrast=\"auto\">Sunshine Sheets \/ stock.adobe.com<\/span><\/p><p>Header image for Education &amp; future \u00a9 <span lang=\"DE-DE\" xml:lang=\"DE-DE\" data-contrast=\"auto\">1a_photography\/ istockphoto.com<\/span><\/p><p>Header image for Projects \u00a9 <span lang=\"DE-DE\" xml:lang=\"DE-DE\" data-contrast=\"auto\">Riccardo Mayer \/ stock.adobe.com<\/span><\/p><p>Header image for Information \u00a9 <span lang=\"DE-DE\" xml:lang=\"DE-DE\" data-contrast=\"auto\">Sunshine Sheets \/ stock.adobe.com<\/span><\/p><p>Header image for Project selection criteria \u00a9 <span lang=\"DE-DE\" xml:lang=\"DE-DE\" data-contrast=\"auto\">Sunshine Sheets \/ stock.adobe.com<\/span><\/p><p>Images for About us \u00a9 Judith Wurm \/ Marian Wurm<\/p><p>Header image for Apply with a project \u00a9 <span lang=\"DE-DE\" xml:lang=\"DE-DE\" data-contrast=\"auto\">Riccardo Mayer \/ stock.adobe.com<\/span><\/p><p>Header image for Donations \u00a9 <span lang=\"DE-DE\" xml:lang=\"DE-DE\" data-contrast=\"auto\">Riccardo Mayer \/ stock.adobe.com<\/span><\/p><p>Header image for Contact \u00a9 <span lang=\"DE-DE\" xml:lang=\"DE-DE\" data-contrast=\"auto\">Riccardo Mayer \/ stock.adobe.com<\/span><\/p><p>Images on the Trees for Germany page \u00a9 Judith Wurm \/ Marian Wurm<\/p><p>Header image for School under the Sky \u00a9 <span lang=\"DE-DE\" xml:lang=\"DE-DE\" data-contrast=\"auto\">Manuel H\u00e4u\u00dfler \/ Street Children Leedo<\/span><\/p><p>Header image on the Transition House Kenya page \u00a9 <span lang=\"DE-DE\" xml:lang=\"DE-DE\" data-contrast=\"auto\">hadynya \/ istockphoto.com<\/span><\/p><p>Header image on the Education partner Kenya page \u00a9 <span lang=\"DE-DE\" xml:lang=\"DE-DE\" data-contrast=\"auto\">hadynya \/ istockphoto.com<\/span><\/p><p>Header image for the Afghanistan project \u00a9 BfKiA e.V.<\/p><p>Video on Help for Mothers and children in Yemen \u00a9 <span lang=\"DE-DE\" xml:lang=\"DE-DE\" data-contrast=\"auto\">MSF<\/span><\/p><p>Header image for Help for Mothers and children in Yemen \u00a9 Nasir Ghafoor \/MSF<\/p><p>Bilder Seite Kindervorsorge Zentralafrika \u00a9 MSF<\/p><p>Header for About us \u00a9 Judith Wurm \/ Marian Wurm<\/p><p>Header image on the Afghanistan page \u00a9 <span lang=\"DE-DE\" xml:lang=\"DE-DE\" data-contrast=\"auto\">MivPiv\/ istockphoto.com<\/span><\/p><p>Header image on the Angola page \u00a9 <span lang=\"DE-DE\" xml:lang=\"DE-DE\" data-contrast=\"auto\">koubatian\/ istockphoto.com<\/span><\/p><p>Header image on the Ethiopia page \u00a9 <span lang=\"DE-DE\" xml:lang=\"DE-DE\" data-contrast=\"auto\">vlad_karavaev\/istockphoto.com<br \/><\/span><\/p><p><span lang=\"DE-DE\" xml:lang=\"DE-DE\" data-contrast=\"auto\">Seite Ausbildungsf\u00f6rderung f\u00fcr Stra\u00dfenkinder <\/span>\u00a9 <span lang=\"DE-DE\" data-contrast=\"auto\">Manuel H\u00e4u\u00dfler \/ Immanuel Africa<br \/><\/span><\/p><p>Header image on the Bangladesh page \u00a9 <span lang=\"DE-DE\" xml:lang=\"DE-DE\" data-contrast=\"auto\">Manuel H\u00e4u\u00dfler \/ Street Children Leedo<\/span><\/p><p>Header image on the Benin page \u00a9 <span lang=\"DE-DE\" xml:lang=\"DE-DE\" data-contrast=\"auto\">peeterv\/ istockphoto.com<\/span><\/p><p><span lang=\"DE-DE\" data-contrast=\"auto\">Seite Bewerbungsformular Helping People Pitch Headerbild \u00a9 Jennifer \/ stock.adobe.com<\/span><\/p><p>Header image on the Burundi page \u00a9 <span lang=\"DE-DE\" xml:lang=\"DE-DE\" data-contrast=\"auto\">2511photos \/ istockphoto.com<\/span><\/p><p>Header image on the DR Congo page \u00a9 <span lang=\"DE-DE\" xml:lang=\"DE-DE\" data-contrast=\"auto\">Luis Portugal \/ istockphoto.com<\/span><\/p><p>Header image on the Guinea-Bissau page \u00a9 <span lang=\"DE-DE\" xml:lang=\"DE-DE\" data-contrast=\"auto\">Luis Portugal \/ istockphoto.com<\/span><\/p><p>Header image on the Yemen page \u00a9 <span lang=\"DE-DE\" xml:lang=\"DE-DE\" data-contrast=\"auto\">ugurhan \/ istockphoto.com<\/span><\/p><p style=\"font-weight: 400;\">Header image on the Kenya page \u00a9 <span lang=\"DE-DE\" xml:lang=\"DE-DE\" data-contrast=\"auto\">hadynya \/ istockphoto.com<\/span><\/p><p>Header image on the Madagascar page \u00a9 <span lang=\"DE-DE\" xml:lang=\"DE-DE\" data-contrast=\"auto\">piervib \/ istockphoto.com<\/span><\/p><p>Header image on the Malawi page \u00a9 <span lang=\"DE-DE\" xml:lang=\"DE-DE\" data-contrast=\"auto\">africa924 \/ istockphoto.com<\/span><\/p><p>Header image on the Mali page \u00a9 <span lang=\"DE-DE\" xml:lang=\"DE-DE\" data-contrast=\"auto\">journalturk \/ istockphoto.com<\/span><\/p><p>Header image on the Mozambique page \u00a9 <span lang=\"DE-DE\" xml:lang=\"DE-DE\" data-contrast=\"auto\">journalturk \/ istockphoto.com<\/span><\/p><p>Header image on the Myanmar page \u00a9 <span lang=\"DE-DE\" xml:lang=\"DE-DE\" data-contrast=\"auto\">Oleksii\u00a0 Hlembotskyi\/ istockphoto.com<\/span><\/p><p>Header image on the Niger page \u00a9 j <span lang=\"DE-DE\" xml:lang=\"DE-DE\" data-contrast=\"auto\">journalturk \/ istockphoto.com<\/span><\/p><p>Header image on the Nigeria page \u00a9 <span lang=\"DE-DE\" xml:lang=\"DE-DE\" data-contrast=\"auto\">journalturk \/ istockphoto.com<\/span><\/p><p><span lang=\"DE-DE\" xml:lang=\"DE-DE\" data-contrast=\"auto\">Seite Pers\u00f6nliche Unternehmensanalyse Headerbild <\/span>\u00a9 <span lang=\"DE-DE\" data-contrast=\"auto\">Riccardo Mayer \/ stock.adobe.com<\/span><\/p><p>Header image on the Rwanda page \u00a9 <span lang=\"DE-DE\" xml:lang=\"DE-DE\" data-contrast=\"auto\">journalturk \/ istockphoto.com<\/span><\/p><p>Header image on the Zambia page \u00a9 <span lang=\"DE-DE\" xml:lang=\"DE-DE\" data-contrast=\"auto\">journalturk \/ istockphoto.com<\/span><\/p><p>Header image for the Sierra Leone page \u00a9 <span lang=\"DE-DE\" xml:lang=\"DE-DE\" data-contrast=\"auto\">journalturk \/ istockphoto.com<\/span><\/p><p>Header image on the Somalia page \u00a9 <span lang=\"DE-DE\" xml:lang=\"DE-DE\" data-contrast=\"auto\">journalturk \/ istockphoto.com<\/span><\/p><p>Header image on the Tanzania page \u00a9 <span lang=\"DE-DE\" xml:lang=\"DE-DE\" data-contrast=\"auto\">journalturk \/ istockphoto.com<\/span><\/p><p>Header image on the Uganda page \u00a9 <span lang=\"DE-DE\" xml:lang=\"DE-DE\" data-contrast=\"auto\">journalturk \/ istockphoto.com<\/span><\/p><p>Header image on the Central African Republic page \u00a9 <span lang=\"DE-DE\" xml:lang=\"DE-DE\" data-contrast=\"auto\">journalturk \/ istockphoto.com<\/span><\/p><p>Header image on the South Sudan page \u00a9 <span lang=\"DE-DE\" xml:lang=\"DE-DE\" data-contrast=\"auto\">vlad_karavaev \/ istockphoto.com<\/span><\/p><p>Header image on the Syria page \u00a9 <span lang=\"DE-DE\" xml:lang=\"DE-DE\" data-contrast=\"auto\">Joel Carillet \/ istockphoto.com<\/span><\/p>\t\t\t\t\t\t\t\t<\/div>\n\t\t\t\t<\/div>\n\t\t\t\t\t<\/div>\n\t\t<\/div>\n\t\t\t\t<div class=\"elementor-column elementor-col-33 elementor-top-column elementor-element elementor-element-553e2eb\" data-id=\"553e2eb\" data-element_type=\"column\">\n\t\t\t<div class=\"elementor-widget-wrap elementor-element-populated\">\n\t\t\t\t\t\t<div class=\"elementor-element elementor-element-82ad9bf elementor-widget elementor-widget-image\" data-id=\"82ad9bf\" data-element_type=\"widget\" data-widget_type=\"image.default\">\n\t\t\t\t<div class=\"elementor-widget-container\">\n\t\t\t\t\t\t\t\t\t\t\t\t\t\t\t<img fetchpriority=\"high\" decoding=\"async\" width=\"300\" height=\"300\" src=\"https:\/\/www.the-helping-people.com\/wp-content\/uploads\/2022\/01\/icon-circle-ecopower-green.svg\" class=\"attachment-medium size-medium wp-image-1886\" alt=\"\u00d6kostrom\" \/>\t\t\t\t\t\t\t\t\t\t\t\t\t\t\t<\/div>\n\t\t\t\t<\/div>\n\t\t\t\t\t<\/div>\n\t\t<\/div>\n\t\t\t\t\t<\/div>\n\t\t<\/section>\n\t\t\t\t<\/div>","protected":false},"excerpt":{"rendered":"<p>Impressum Angaben gem\u00e4\u00df \u00a7 5 TMG THE HELPING PEOPLE STIFTUNGTulpenweg 1238108 Braunschweig Vorstand:\u00a0 Judith Wurm &amp; Marian Wurm KontaktTelefon: 0531-37951761E-Mail: kontakt@the-helping-people.com Redaktionell verantwortlich:Marian Wurm und Judith Wurm Die The Helping People Stiftung ist als rechtsf\u00e4hige Stiftung des b\u00fcrgerlichen Rechts gemeinn\u00fctzig und mildt\u00e4tig anerkannt. Stiftungsaufsichtsbeh\u00f6rde: Amt f\u00fcr regionale Landesentwicklung Braunschweig. Haftung f\u00fcr Inhalte:Wir bem\u00fchen uns, die [&hellip;]<\/p>","protected":false},"author":1,"featured_media":0,"parent":0,"menu_order":0,"comment_status":"closed","ping_status":"closed","template":"","meta":{"_acf_changed":false,"inline_featured_image":false,"footnotes":""},"class_list":["post-283","page","type-page","status-publish","hentry"],"acf":[],"yoast_head":"<!-- This site is optimized with the Yoast SEO plugin v26.6 - https:\/\/yoast.com\/wordpress\/plugins\/seo\/ -->\n<title>Impressum - The Helping People<\/title>\n<meta name=\"robots\" content=\"noindex, follow\" \/>\n<meta property=\"og:locale\" content=\"en_GB\" \/>\n<meta property=\"og:type\" content=\"article\" \/>\n<meta property=\"og:title\" content=\"Impressum - The Helping People\" \/>\n<meta property=\"og:description\" content=\"Impressum Angaben gem\u00e4\u00df \u00a7 5 TMG THE HELPING PEOPLE STIFTUNGTulpenweg 1238108 Braunschweig Vorstand:\u00a0 Judith Wurm &amp; Marian Wurm KontaktTelefon: 0531-37951761E-Mail: kontakt@the-helping-people.com Redaktionell verantwortlich:Marian Wurm und Judith Wurm Die The Helping People Stiftung ist als rechtsf\u00e4hige Stiftung des b\u00fcrgerlichen Rechts gemeinn\u00fctzig und mildt\u00e4tig anerkannt. Stiftungsaufsichtsbeh\u00f6rde: Amt f\u00fcr regionale Landesentwicklung Braunschweig. Haftung f\u00fcr Inhalte:Wir bem\u00fchen uns, die [&hellip;]\" \/>\n<meta property=\"og:url\" content=\"https:\/\/www.the-helping-people.com\/en\/impressum\/\" \/>\n<meta property=\"og:site_name\" content=\"The Helping People\" \/>\n<meta property=\"article:modified_time\" content=\"2022-11-04T11:10:31+00:00\" \/>\n<meta property=\"og:image\" content=\"https:\/\/www.the-helping-people.com\/wp-content\/uploads\/2022\/01\/icon-circle-ecopower-green.svg\" \/>\n<meta name=\"twitter:card\" content=\"summary_large_image\" \/>\n<meta name=\"twitter:label1\" content=\"Estimated reading time\" \/>\n\t<meta name=\"twitter:data1\" content=\"4 minutes\" \/>\n<script type=\"application\/ld+json\" class=\"yoast-schema-graph\">{\"@context\":\"https:\/\/schema.org\",\"@graph\":[{\"@type\":\"WebPage\",\"@id\":\"https:\/\/www.the-helping-people.com\/impressum\/\",\"url\":\"https:\/\/www.the-helping-people.com\/impressum\/\",\"name\":\"Impressum - The Helping People\",\"isPartOf\":{\"@id\":\"https:\/\/www.the-helping-people.com\/#website\"},\"primaryImageOfPage\":{\"@id\":\"https:\/\/www.the-helping-people.com\/impressum\/#primaryimage\"},\"image\":{\"@id\":\"https:\/\/www.the-helping-people.com\/impressum\/#primaryimage\"},\"thumbnailUrl\":\"https:\/\/www.the-helping-people.com\/wp-content\/uploads\/2022\/01\/icon-circle-ecopower-green.svg\",\"datePublished\":\"2021-11-25T16:04:39+00:00\",\"dateModified\":\"2022-11-04T11:10:31+00:00\",\"breadcrumb\":{\"@id\":\"https:\/\/www.the-helping-people.com\/impressum\/#breadcrumb\"},\"inLanguage\":\"en-GB\",\"potentialAction\":[{\"@type\":\"ReadAction\",\"target\":[\"https:\/\/www.the-helping-people.com\/impressum\/\"]}]},{\"@type\":\"ImageObject\",\"inLanguage\":\"en-GB\",\"@id\":\"https:\/\/www.the-helping-people.com\/impressum\/#primaryimage\",\"url\":\"https:\/\/www.the-helping-people.com\/wp-content\/uploads\/2022\/01\/icon-circle-ecopower-green.svg\",\"contentUrl\":\"https:\/\/www.the-helping-people.com\/wp-content\/uploads\/2022\/01\/icon-circle-ecopower-green.svg\"},{\"@type\":\"BreadcrumbList\",\"@id\":\"https:\/\/www.the-helping-people.com\/impressum\/#breadcrumb\",\"itemListElement\":[{\"@type\":\"ListItem\",\"position\":1,\"name\":\"Startseite\",\"item\":\"https:\/\/www.the-helping-people.com\/\"},{\"@type\":\"ListItem\",\"position\":2,\"name\":\"Impressum\"}]},{\"@type\":\"WebSite\",\"@id\":\"https:\/\/www.the-helping-people.com\/#website\",\"url\":\"https:\/\/www.the-helping-people.com\/\",\"name\":\"The Helping People\",\"description\":\"Unsere Mission: 100%\",\"publisher\":{\"@id\":\"https:\/\/www.the-helping-people.com\/#organization\"},\"potentialAction\":[{\"@type\":\"SearchAction\",\"target\":{\"@type\":\"EntryPoint\",\"urlTemplate\":\"https:\/\/www.the-helping-people.com\/?s={search_term_string}\"},\"query-input\":{\"@type\":\"PropertyValueSpecification\",\"valueRequired\":true,\"valueName\":\"search_term_string\"}}],\"inLanguage\":\"en-GB\"},{\"@type\":\"Organization\",\"@id\":\"https:\/\/www.the-helping-people.com\/#organization\",\"name\":\"THE HELPING PEOPLE STIFTUNG\",\"url\":\"https:\/\/www.the-helping-people.com\/\",\"logo\":{\"@type\":\"ImageObject\",\"inLanguage\":\"en-GB\",\"@id\":\"https:\/\/www.the-helping-people.com\/#\/schema\/logo\/image\/\",\"url\":\"https:\/\/www.the-helping-people.com\/wp-content\/uploads\/2021\/11\/Logo_thp.png\",\"contentUrl\":\"https:\/\/www.the-helping-people.com\/wp-content\/uploads\/2021\/11\/Logo_thp.png\",\"width\":348,\"height\":348,\"caption\":\"THE HELPING PEOPLE STIFTUNG\"},\"image\":{\"@id\":\"https:\/\/www.the-helping-people.com\/#\/schema\/logo\/image\/\"}}]}<\/script>\n<!-- \/ Yoast SEO plugin. -->","yoast_head_json":{"title":"Impressum - The Helping People","robots":{"index":"noindex","follow":"follow"},"og_locale":"en_GB","og_type":"article","og_title":"Impressum - The Helping People","og_description":"Impressum Angaben gem\u00e4\u00df \u00a7 5 TMG THE HELPING PEOPLE STIFTUNGTulpenweg 1238108 Braunschweig Vorstand:\u00a0 Judith Wurm &amp; Marian Wurm KontaktTelefon: 0531-37951761E-Mail: kontakt@the-helping-people.com Redaktionell verantwortlich:Marian Wurm und Judith Wurm Die The Helping People Stiftung ist als rechtsf\u00e4hige Stiftung des b\u00fcrgerlichen Rechts gemeinn\u00fctzig und mildt\u00e4tig anerkannt. Stiftungsaufsichtsbeh\u00f6rde: Amt f\u00fcr regionale Landesentwicklung Braunschweig. Haftung f\u00fcr Inhalte:Wir bem\u00fchen uns, die [&hellip;]","og_url":"https:\/\/www.the-helping-people.com\/en\/impressum\/","og_site_name":"The Helping People","article_modified_time":"2022-11-04T11:10:31+00:00","og_image":[{"url":"https:\/\/www.the-helping-people.com\/wp-content\/uploads\/2022\/01\/icon-circle-ecopower-green.svg","type":"","width":"","height":""}],"twitter_card":"summary_large_image","twitter_misc":{"Estimated reading time":"4 minutes"},"schema":{"@context":"https:\/\/schema.org","@graph":[{"@type":"WebPage","@id":"https:\/\/www.the-helping-people.com\/impressum\/","url":"https:\/\/www.the-helping-people.com\/impressum\/","name":"Impressum - The Helping People","isPartOf":{"@id":"https:\/\/www.the-helping-people.com\/#website"},"primaryImageOfPage":{"@id":"https:\/\/www.the-helping-people.com\/impressum\/#primaryimage"},"image":{"@id":"https:\/\/www.the-helping-people.com\/impressum\/#primaryimage"},"thumbnailUrl":"https:\/\/www.the-helping-people.com\/wp-content\/uploads\/2022\/01\/icon-circle-ecopower-green.svg","datePublished":"2021-11-25T16:04:39+00:00","dateModified":"2022-11-04T11:10:31+00:00","breadcrumb":{"@id":"https:\/\/www.the-helping-people.com\/impressum\/#breadcrumb"},"inLanguage":"en-GB","potentialAction":[{"@type":"ReadAction","target":["https:\/\/www.the-helping-people.com\/impressum\/"]}]},{"@type":"ImageObject","inLanguage":"en-GB","@id":"https:\/\/www.the-helping-people.com\/impressum\/#primaryimage","url":"https:\/\/www.the-helping-people.com\/wp-content\/uploads\/2022\/01\/icon-circle-ecopower-green.svg","contentUrl":"https:\/\/www.the-helping-people.com\/wp-content\/uploads\/2022\/01\/icon-circle-ecopower-green.svg"},{"@type":"BreadcrumbList","@id":"https:\/\/www.the-helping-people.com\/impressum\/#breadcrumb","itemListElement":[{"@type":"ListItem","position":1,"name":"Startseite","item":"https:\/\/www.the-helping-people.com\/"},{"@type":"ListItem","position":2,"name":"Impressum"}]},{"@type":"WebSite","@id":"https:\/\/www.the-helping-people.com\/#website","url":"https:\/\/www.the-helping-people.com\/","name":"The Helping People","description":"Unsere Mission: 100%","publisher":{"@id":"https:\/\/www.the-helping-people.com\/#organization"},"potentialAction":[{"@type":"SearchAction","target":{"@type":"EntryPoint","urlTemplate":"https:\/\/www.the-helping-people.com\/?s={search_term_string}"},"query-input":{"@type":"PropertyValueSpecification","valueRequired":true,"valueName":"search_term_string"}}],"inLanguage":"en-GB"},{"@type":"Organization","@id":"https:\/\/www.the-helping-people.com\/#organization","name":"THE HELPING PEOPLE FOUNDATION","url":"https:\/\/www.the-helping-people.com\/","logo":{"@type":"ImageObject","inLanguage":"en-GB","@id":"https:\/\/www.the-helping-people.com\/#\/schema\/logo\/image\/","url":"https:\/\/www.the-helping-people.com\/wp-content\/uploads\/2021\/11\/Logo_thp.png","contentUrl":"https:\/\/www.the-helping-people.com\/wp-content\/uploads\/2021\/11\/Logo_thp.png","width":348,"height":348,"caption":"THE HELPING PEOPLE STIFTUNG"},"image":{"@id":"https:\/\/www.the-helping-people.com\/#\/schema\/logo\/image\/"}}]}},"_links":{"self":[{"href":"https:\/\/www.the-helping-people.com\/en\/wp-json\/wp\/v2\/pages\/283","targetHints":{"allow":["GET"]}}],"collection":[{"href":"https:\/\/www.the-helping-people.com\/en\/wp-json\/wp\/v2\/pages"}],"about":[{"href":"https:\/\/www.the-helping-people.com\/en\/wp-json\/wp\/v2\/types\/page"}],"author":[{"embeddable":true,"href":"https:\/\/www.the-helping-people.com\/en\/wp-json\/wp\/v2\/users\/1"}],"replies":[{"embeddable":true,"href":"https:\/\/www.the-helping-people.com\/en\/wp-json\/wp\/v2\/comments?post=283"}],"version-history":[{"count":174,"href":"https:\/\/www.the-helping-people.com\/en\/wp-json\/wp\/v2\/pages\/283\/revisions"}],"predecessor-version":[{"id":7743,"href":"https:\/\/www.the-helping-people.com\/en\/wp-json\/wp\/v2\/pages\/283\/revisions\/7743"}],"wp:attachment":[{"href":"https:\/\/www.the-helping-people.com\/en\/wp-json\/wp\/v2\/media?parent=283"}],"curies":[{"name":"wp","href":"https:\/\/api.w.org\/{rel}","templated":true}]}}