{"id":4851,"date":"2022-02-24T16:35:38","date_gmt":"2022-02-24T15:35:38","guid":{"rendered":"https:\/\/www.the-helping-people.com\/?page_id=4851"},"modified":"2022-08-12T07:29:23","modified_gmt":"2022-08-12T05:29:23","slug":"mit-projekt-bewerben","status":"publish","type":"page","link":"https:\/\/www.the-helping-people.com\/en\/mit-projekt-bewerben\/","title":{"rendered":"Apply with project"},"content":{"rendered":"<div data-elementor-type=\"wp-page\" data-elementor-id=\"4851\" class=\"elementor elementor-4851\" data-elementor-post-type=\"page\">\n\t\t\t\t\t\t<section class=\"elementor-section elementor-top-section elementor-element elementor-element-4b44bf8 elementor-section-full_width elementor-section-height-default elementor-section-height-default\" data-id=\"4b44bf8\" data-element_type=\"section\">\n\t\t\t\t\t\t<div class=\"elementor-container elementor-column-gap-no\">\n\t\t\t\t\t<div class=\"elementor-column elementor-col-100 elementor-top-column elementor-element elementor-element-7f31325\" data-id=\"7f31325\" data-element_type=\"column\">\n\t\t\t<div class=\"elementor-widget-wrap elementor-element-populated\">\n\t\t\t\t\t\t<div class=\"elementor-element elementor-element-6c0c490 elementor-widget elementor-widget-thpheader\" data-id=\"6c0c490\" data-element_type=\"widget\" data-widget_type=\"thpheader.default\">\n\t\t\t\t<div class=\"elementor-widget-container\">\n\t\t\t\t\t<div class=\"thp-header\"><img fetchpriority=\"high\" decoding=\"async\" width=\"1250\" height=\"675\" src=\"https:\/\/www.the-helping-people.com\/wp-content\/uploads\/2021\/11\/Stock_THP-1250x675.jpg\" class=\"attachment-header-wide size-header-wide\" alt=\"\" \/><div class=\"thp-header-more\"><div class=\"thp-header-title\"><div><span >WE ARE LOOKING FORWARD TO YOUR PROJECT IDEA<\/span><\/div><\/div><\/div><\/div>\t\t\t\t<\/div>\n\t\t\t\t<\/div>\n\t\t\t\t\t<\/div>\n\t\t<\/div>\n\t\t\t\t\t<\/div>\n\t\t<\/section>\n\t\t\t\t<section class=\"elementor-section elementor-top-section elementor-element elementor-element-167a9b2 elementor-section-boxed elementor-section-height-default elementor-section-height-default\" data-id=\"167a9b2\" data-element_type=\"section\">\n\t\t\t\t\t\t<div class=\"elementor-container elementor-column-gap-default\">\n\t\t\t\t\t<div class=\"elementor-column elementor-col-100 elementor-top-column elementor-element elementor-element-2a732dc\" data-id=\"2a732dc\" data-element_type=\"column\">\n\t\t\t<div class=\"elementor-widget-wrap elementor-element-populated\">\n\t\t\t\t\t\t<div class=\"elementor-element elementor-element-fd36b83 elementor-widget elementor-widget-heading\" data-id=\"fd36b83\" data-element_type=\"widget\" data-widget_type=\"heading.default\">\n\t\t\t\t<div class=\"elementor-widget-container\">\n\t\t\t\t\t<h2 class=\"elementor-heading-title elementor-size-default\">YOUR PROJECT FUNDED BY THE HELPING PEOPLE<\/h2>\t\t\t\t<\/div>\n\t\t\t\t<\/div>\n\t\t\t\t<div class=\"elementor-element elementor-element-f00a92e elementor-widget elementor-widget-heading\" data-id=\"f00a92e\" data-element_type=\"widget\" data-widget_type=\"heading.default\">\n\t\t\t\t<div class=\"elementor-widget-container\">\n\t\t\t\t\t<div class=\"elementor-heading-title elementor-size-default\">SEND US YOUR PROJECT IDEA<\/div>\t\t\t\t<\/div>\n\t\t\t\t<\/div>\n\t\t\t\t\t<\/div>\n\t\t<\/div>\n\t\t\t\t\t<\/div>\n\t\t<\/section>\n\t\t\t\t<section class=\"elementor-section elementor-top-section elementor-element elementor-element-92acc4f elementor-section-boxed elementor-section-height-default elementor-section-height-default\" data-id=\"92acc4f\" data-element_type=\"section\">\n\t\t\t\t\t\t<div class=\"elementor-container elementor-column-gap-default\">\n\t\t\t\t\t<div class=\"elementor-column elementor-col-100 elementor-top-column elementor-element elementor-element-1019ca0\" data-id=\"1019ca0\" data-element_type=\"column\">\n\t\t\t<div class=\"elementor-widget-wrap elementor-element-populated\">\n\t\t\t\t\t\t<div class=\"elementor-element elementor-element-fd53c7c elementor-widget elementor-widget-text-editor\" data-id=\"fd53c7c\" data-element_type=\"widget\" data-widget_type=\"text-editor.default\">\n\t\t\t\t<div class=\"elementor-widget-container\">\n\t\t\t\t\t\t\t\t\t<p>THE HELPING PEOPLE supports and promotes projects in the fields of education and future, climate and nature protection as well as health and prevention.<\/p><p>For a strong cooperation, we rely on experienced project partners and organizations who, ideally, have already established an infrastructure in the funding regions.<\/p>\t\t\t\t\t\t\t\t<\/div>\n\t\t\t\t<\/div>\n\t\t\t\t\t<\/div>\n\t\t<\/div>\n\t\t\t\t\t<\/div>\n\t\t<\/section>\n\t\t\t\t<section class=\"elementor-section elementor-top-section elementor-element elementor-element-d22c6ca elementor-section-boxed elementor-section-height-default elementor-section-height-default\" data-id=\"d22c6ca\" data-element_type=\"section\">\n\t\t\t\t\t\t<div class=\"elementor-container elementor-column-gap-default\">\n\t\t\t\t\t<div class=\"elementor-column elementor-col-100 elementor-top-column elementor-element elementor-element-3731710\" data-id=\"3731710\" data-element_type=\"column\">\n\t\t\t<div class=\"elementor-widget-wrap\">\n\t\t\t\t\t\t\t<\/div>\n\t\t<\/div>\n\t\t\t\t\t<\/div>\n\t\t<\/section>\n\t\t\t\t<section class=\"elementor-section elementor-top-section elementor-element elementor-element-e3a4ddd elementor-section-boxed elementor-section-height-default elementor-section-height-default\" data-id=\"e3a4ddd\" data-element_type=\"section\">\n\t\t\t\t\t\t<div class=\"elementor-container elementor-column-gap-default\">\n\t\t\t\t\t<div class=\"elementor-column elementor-col-33 elementor-top-column elementor-element elementor-element-12281ff\" data-id=\"12281ff\" data-element_type=\"column\">\n\t\t\t<div class=\"elementor-widget-wrap elementor-element-populated\">\n\t\t\t\t\t\t<div class=\"elementor-element elementor-element-1bf566b elementor-widget elementor-widget-heading\" data-id=\"1bf566b\" data-element_type=\"widget\" data-widget_type=\"heading.default\">\n\t\t\t\t<div class=\"elementor-widget-container\">\n\t\t\t\t\t<div class=\"elementor-heading-title elementor-size-default\">Send a message<\/div>\t\t\t\t<\/div>\n\t\t\t\t<\/div>\n\t\t\t\t<div class=\"elementor-element elementor-element-effdcaf elementor-button-align-stretch elementor-widget elementor-widget-form\" data-id=\"effdcaf\" data-element_type=\"widget\" data-settings=\"{&quot;step_next_label&quot;:&quot;N\\u00e4chster&quot;,&quot;step_previous_label&quot;:&quot;Voriger&quot;,&quot;button_width&quot;:&quot;100&quot;,&quot;step_type&quot;:&quot;number_text&quot;,&quot;step_icon_shape&quot;:&quot;circle&quot;}\" data-widget_type=\"form.default\">\n\t\t\t\t<div class=\"elementor-widget-container\">\n\t\t\t\t\t\t\t<form class=\"elementor-form\" method=\"post\" name=\"Projektbewerbung\" aria-label=\"Projektbewerbung\" action=\"\">\n\t\t\t<input type=\"hidden\" name=\"post_id\" value=\"4851\"\/>\n\t\t\t<input type=\"hidden\" name=\"form_id\" value=\"effdcaf\"\/>\n\t\t\t<input type=\"hidden\" name=\"referer_title\" value=\"Projektf\u00f6rderung - 100% Impact Spenden | THE-HELPING-PEOPLE\" \/>\n\n\t\t\t\t\t\t\t<input type=\"hidden\" name=\"queried_id\" value=\"4851\"\/>\n\t\t\t\n\t\t\t<div class=\"elementor-form-fields-wrapper elementor-labels-\">\n\t\t\t\t\t\t\t\t<div class=\"elementor-field-type-text elementor-field-group elementor-column elementor-field-group-anrede elementor-col-100 elementor-field-required\">\n\t\t\t\t\t\t\t\t\t\t\t\t<label for=\"form-field-anrede\" class=\"elementor-field-label elementor-screen-only\">\n\t\t\t\t\t\t\t\tSalutation\t\t\t\t\t\t\t<\/label>\n\t\t\t\t\t\t\t\t\t\t\t\t\t\t<input size=\"1\" type=\"text\" name=\"form_fields[anrede]\" id=\"form-field-anrede\" class=\"elementor-field elementor-size-sm  elementor-field-textual\" placeholder=\"Salutation\" required=\"required\">\n\t\t\t\t\t\t\t\t\t\t\t<\/div>\n\t\t\t\t\t\t\t\t<div class=\"elementor-field-type-text elementor-field-group elementor-column elementor-field-group-field_9d89f6e elementor-col-100 elementor-field-required\">\n\t\t\t\t\t\t\t\t\t\t\t\t<label for=\"form-field-field_9d89f6e\" class=\"elementor-field-label elementor-screen-only\">\n\t\t\t\t\t\t\t\tName and surname\t\t\t\t\t\t\t<\/label>\n\t\t\t\t\t\t\t\t\t\t\t\t\t\t<input size=\"1\" type=\"text\" name=\"form_fields[field_9d89f6e]\" id=\"form-field-field_9d89f6e\" class=\"elementor-field elementor-size-sm  elementor-field-textual\" placeholder=\"Name and surname\" required=\"required\">\n\t\t\t\t\t\t\t\t\t\t\t<\/div>\n\t\t\t\t\t\t\t\t<div class=\"elementor-field-type-text elementor-field-group elementor-column elementor-field-group-phone elementor-col-100 elementor-field-required\">\n\t\t\t\t\t\t\t\t\t\t\t\t<label for=\"form-field-phone\" class=\"elementor-field-label elementor-screen-only\">\n\t\t\t\t\t\t\t\tPhone\t\t\t\t\t\t\t<\/label>\n\t\t\t\t\t\t\t\t\t\t\t\t\t\t<input size=\"1\" type=\"text\" name=\"form_fields[phone]\" id=\"form-field-phone\" class=\"elementor-field elementor-size-sm  elementor-field-textual\" placeholder=\"Phone\" required=\"required\">\n\t\t\t\t\t\t\t\t\t\t\t<\/div>\n\t\t\t\t\t\t\t\t<div class=\"elementor-field-type-text elementor-field-group elementor-column elementor-field-group-field_2adecb2 elementor-col-100 elementor-field-required\">\n\t\t\t\t\t\t\t\t\t\t\t\t<label for=\"form-field-field_2adecb2\" class=\"elementor-field-label elementor-screen-only\">\n\t\t\t\t\t\t\t\tE-Mail\t\t\t\t\t\t\t<\/label>\n\t\t\t\t\t\t\t\t\t\t\t\t\t\t<input size=\"1\" type=\"text\" name=\"form_fields[field_2adecb2]\" id=\"form-field-field_2adecb2\" class=\"elementor-field elementor-size-sm  elementor-field-textual\" placeholder=\"E-Mail\" required=\"required\">\n\t\t\t\t\t\t\t\t\t\t\t<\/div>\n\t\t\t\t\t\t\t\t<div class=\"elementor-field-type-textarea elementor-field-group elementor-column elementor-field-group-message elementor-col-100 elementor-field-required\">\n\t\t\t\t\t\t\t\t\t\t\t\t<label for=\"form-field-message\" class=\"elementor-field-label elementor-screen-only\">\n\t\t\t\t\t\t\t\tYour request\t\t\t\t\t\t\t<\/label>\n\t\t\t\t\t\t<textarea class=\"elementor-field-textual elementor-field  elementor-size-sm\" name=\"form_fields[message]\" id=\"form-field-message\" rows=\"4\" placeholder=\"Your request\" required=\"required\"><\/textarea>\t\t\t\t<\/div>\n\t\t\t\t\t\t\t\t<div class=\"elementor-field-type-upload elementor-field-group elementor-column elementor-field-group-field_4524b17 elementor-col-100\">\n\t\t\t\t\t\t\t\t\t\t\t\t<label for=\"form-field-field_4524b17\" class=\"elementor-field-label elementor-screen-only\">\n\t\t\t\t\t\t\t\tAnh\u00e4nge\t\t\t\t\t\t\t<\/label>\n\t\t\t\t\t\t\t\t<input type=\"file\" name=\"form_fields[field_4524b17]\" id=\"form-field-field_4524b17\" class=\"elementor-field elementor-size-sm  elementor-upload-field\" data-maxsize=\"30\" data-maxsize-message=\"Diese Datei \u00fcbersteigt die maximale Dateigr\u00f6\u00dfe\">\n\n\t\t\t\t\t\t<\/div>\n\t\t\t\t\t\t\t\t<div class=\"elementor-field-type-acceptance elementor-field-group elementor-column elementor-field-group-field_b94a8a7 elementor-col-100 elementor-field-required\">\n\t\t\t\t\t\t\t\t\t\t\t\t<label for=\"form-field-field_b94a8a7\" class=\"elementor-field-label elementor-screen-only\">\n\t\t\t\t\t\t\t\tDATA PROTECTION\t\t\t\t\t\t\t<\/label>\n\t\t\t\t\t\t\t\t<div class=\"elementor-field-subgroup\">\n\t\t\t<span class=\"elementor-field-option\">\n\t\t\t\t<input type=\"checkbox\" name=\"form_fields[field_b94a8a7]\" id=\"form-field-field_b94a8a7\" class=\"elementor-field elementor-size-sm  elementor-acceptance-field\" required=\"required\">\n\t\t\t\t<label for=\"form-field-field_b94a8a7\">I have read the  <a href=\"https:\/\/www.the-helping-people.com\/en\/datenschutzerklaerung\/\" class=\"elementor-item\">Privacy policy<\/a>  and agree to this.<\/label>\t\t\t<\/span>\n\t\t<\/div>\n\t\t\t\t\t\t<\/div>\n\t\t\t\t\t\t\t\t<div class=\"elementor-field-group elementor-column elementor-field-type-submit elementor-col-100 e-form__buttons\">\n\t\t\t\t\t<button class=\"elementor-button elementor-size-sm\" type=\"submit\">\n\t\t\t\t\t\t<span class=\"elementor-button-content-wrapper\">\n\t\t\t\t\t\t\t\t\t\t\t\t\t\t\t\t\t\t\t\t\t\t<span class=\"elementor-button-text\">Send<\/span>\n\t\t\t\t\t\t\t\t\t\t\t\t\t<\/span>\n\t\t\t\t\t<\/button>\n\t\t\t\t<\/div>\n\t\t\t<\/div>\n\t\t<input type=\"hidden\" name=\"trp-form-language\" value=\"en\"\/><\/form>\n\t\t\t\t\t\t<\/div>\n\t\t\t\t<\/div>\n\t\t\t\t\t<\/div>\n\t\t<\/div>\n\t\t\t\t<div class=\"elementor-column elementor-col-33 elementor-top-column elementor-element elementor-element-eead548\" data-id=\"eead548\" data-element_type=\"column\">\n\t\t\t<div class=\"elementor-widget-wrap\">\n\t\t\t\t\t\t\t<\/div>\n\t\t<\/div>\n\t\t\t\t<div class=\"elementor-column elementor-col-33 elementor-top-column elementor-element elementor-element-ec8e7ae\" data-id=\"ec8e7ae\" data-element_type=\"column\">\n\t\t\t<div class=\"elementor-widget-wrap elementor-element-populated\">\n\t\t\t\t\t\t<div class=\"elementor-element elementor-element-40610da elementor-widget elementor-widget-heading\" data-id=\"40610da\" data-element_type=\"widget\" data-widget_type=\"heading.default\">\n\t\t\t\t<div class=\"elementor-widget-container\">\n\t\t\t\t\t<h2 class=\"elementor-heading-title elementor-size-default\">Our contact information<\/h2>\t\t\t\t<\/div>\n\t\t\t\t<\/div>\n\t\t\t\t<div class=\"elementor-element elementor-element-db6a1af elementor-widget elementor-widget-text-editor\" data-id=\"db6a1af\" data-element_type=\"widget\" data-widget_type=\"text-editor.default\">\n\t\t\t\t<div class=\"elementor-widget-container\">\n\t\t\t\t\t\t\t\t\t<p><strong><span dir=\"ltr\" role=\"presentation\">THE HELPING PEOPLE FOUNDATION<\/span><\/strong><\/p><p>Judith Wurm &amp; Marian Wurm<br \/>Tulpenweg 12<br \/>38108 Braunschweig<\/p><p>Telephone: 0531-37951761<br \/>E-Mail: <a href=\"mailto:kontakt@the-helping-people.com\">kontakt@the-helping-people.com<\/a><\/p>\t\t\t\t\t\t\t\t<\/div>\n\t\t\t\t<\/div>\n\t\t\t\t<div class=\"elementor-element elementor-element-671b23e elementor-widget elementor-widget-image\" data-id=\"671b23e\" data-element_type=\"widget\" data-widget_type=\"image.default\">\n\t\t\t\t<div class=\"elementor-widget-container\">\n\t\t\t\t\t\t\t\t\t\t\t\t\t\t\t<img decoding=\"async\" width=\"800\" height=\"450\" src=\"https:\/\/www.the-helping-people.com\/wp-content\/uploads\/2022\/03\/Judith-und-Marian-Wurm-The-Helping-People-1024x576.jpg\" class=\"attachment-large size-large wp-image-5447\" alt=\"Judith und Marian Wurm - The Helping People\" srcset=\"https:\/\/www.the-helping-people.com\/wp-content\/uploads\/2022\/03\/Judith-und-Marian-Wurm-The-Helping-People-1024x576.jpg 1024w, https:\/\/www.the-helping-people.com\/wp-content\/uploads\/2022\/03\/Judith-und-Marian-Wurm-The-Helping-People-300x169.jpg 300w, https:\/\/www.the-helping-people.com\/wp-content\/uploads\/2022\/03\/Judith-und-Marian-Wurm-The-Helping-People-768x432.jpg 768w, https:\/\/www.the-helping-people.com\/wp-content\/uploads\/2022\/03\/Judith-und-Marian-Wurm-The-Helping-People-1536x864.jpg 1536w, https:\/\/www.the-helping-people.com\/wp-content\/uploads\/2022\/03\/Judith-und-Marian-Wurm-The-Helping-People-2048x1152.jpg 2048w, https:\/\/www.the-helping-people.com\/wp-content\/uploads\/2022\/03\/Judith-und-Marian-Wurm-The-Helping-People-400x225.jpg 400w\" sizes=\"(max-width: 800px) 100vw, 800px\" \/>\t\t\t\t\t\t\t\t\t\t\t\t\t\t\t<\/div>\n\t\t\t\t<\/div>\n\t\t\t\t\t<\/div>\n\t\t<\/div>\n\t\t\t\t\t<\/div>\n\t\t<\/section>\n\t\t\t\t<section class=\"elementor-section elementor-top-section elementor-element elementor-element-9adbfea elementor-section-boxed elementor-section-height-default elementor-section-height-default\" data-id=\"9adbfea\" data-element_type=\"section\">\n\t\t\t\t\t\t<div class=\"elementor-container elementor-column-gap-default\">\n\t\t\t\t\t<div class=\"elementor-column elementor-col-100 elementor-top-column elementor-element elementor-element-0330edc\" data-id=\"0330edc\" data-element_type=\"column\">\n\t\t\t<div class=\"elementor-widget-wrap elementor-element-populated\">\n\t\t\t\t\t\t<div class=\"elementor-element elementor-element-fb1f887 elementor-widget elementor-widget-spacer\" data-id=\"fb1f887\" data-element_type=\"widget\" data-widget_type=\"spacer.default\">\n\t\t\t\t<div class=\"elementor-widget-container\">\n\t\t\t\t\t\t\t<div class=\"elementor-spacer\">\n\t\t\t<div class=\"elementor-spacer-inner\"><\/div>\n\t\t<\/div>\n\t\t\t\t\t\t<\/div>\n\t\t\t\t<\/div>\n\t\t\t\t\t<\/div>\n\t\t<\/div>\n\t\t\t\t\t<\/div>\n\t\t<\/section>\n\t\t\t\t<\/div>","protected":false},"excerpt":{"rendered":"<p>WIR FREUEN UNS AUF DEINE PROJEKTIDEE DEIN PROJEKT FINANZIERT DURCH THE HELPING PEOPLE SENDE UNS DEINE PROJEKTIDEE THE HELPING PEOPLE unterst\u00fctzt und f\u00f6rdert Projekte in den Bereichen Bildung und Zukunft, Klima und Naturschutz sowie Gesundheit und Pr\u00e4vention. F\u00fcr eine starke Zusammenarbeit setzen wir auf erfahrene Projektpartner:innen und Organisationen, die im idealen Fall bereits eine Infrastruktur [&hellip;]<\/p>","protected":false},"author":1,"featured_media":0,"parent":0,"menu_order":0,"comment_status":"closed","ping_status":"closed","template":"","meta":{"_acf_changed":false,"inline_featured_image":false,"footnotes":""},"class_list":["post-4851","page","type-page","status-publish","hentry"],"acf":[],"yoast_head":"<!-- This site is optimized with the Yoast SEO plugin v26.6 - https:\/\/yoast.com\/wordpress\/plugins\/seo\/ -->\n<title>Projektf\u00f6rderung - 100% Impact Spenden | THE-HELPING-PEOPLE<\/title>\n<meta name=\"description\" content=\"Projektf\u00f6rderung unterst\u00fctzen mit THE HELPING PEOPLE. Wir unterst\u00fctzten Sie bei Ihrer Spende \u2713 pers\u00f6nlich \u2713 mit 100 % Impact. Jetzt spenden\u25ba\" \/>\n<meta name=\"robots\" content=\"index, follow, max-snippet:-1, max-image-preview:large, max-video-preview:-1\" \/>\n<link rel=\"canonical\" href=\"https:\/\/www.the-helping-people.com\/en\/mit-projekt-bewerben\/\" \/>\n<meta property=\"og:locale\" content=\"en_GB\" \/>\n<meta property=\"og:type\" content=\"article\" \/>\n<meta property=\"og:title\" content=\"Projektf\u00f6rderung - 100% Impact Spenden | THE-HELPING-PEOPLE\" \/>\n<meta property=\"og:description\" content=\"Projektf\u00f6rderung unterst\u00fctzen mit THE HELPING PEOPLE. Wir unterst\u00fctzten Sie bei Ihrer Spende \u2713 pers\u00f6nlich \u2713 mit 100 % Impact. Jetzt spenden\u25ba\" \/>\n<meta property=\"og:url\" content=\"https:\/\/www.the-helping-people.com\/en\/mit-projekt-bewerben\/\" \/>\n<meta property=\"og:site_name\" content=\"The Helping People\" \/>\n<meta property=\"article:modified_time\" content=\"2022-08-12T05:29:23+00:00\" \/>\n<meta property=\"og:image\" content=\"https:\/\/www.the-helping-people.com\/wp-content\/uploads\/2021\/11\/Stock_THP-1250x675.jpg\" \/>\n<meta name=\"twitter:card\" content=\"summary_large_image\" \/>\n<meta name=\"twitter:label1\" content=\"Estimated reading time\" \/>\n\t<meta name=\"twitter:data1\" content=\"1 minute\" \/>\n<script type=\"application\/ld+json\" class=\"yoast-schema-graph\">{\"@context\":\"https:\/\/schema.org\",\"@graph\":[{\"@type\":\"WebPage\",\"@id\":\"https:\/\/www.the-helping-people.com\/mit-projekt-bewerben\/\",\"url\":\"https:\/\/www.the-helping-people.com\/mit-projekt-bewerben\/\",\"name\":\"Projektf\u00f6rderung - 100% Impact Spenden | THE-HELPING-PEOPLE\",\"isPartOf\":{\"@id\":\"https:\/\/www.the-helping-people.com\/#website\"},\"primaryImageOfPage\":{\"@id\":\"https:\/\/www.the-helping-people.com\/mit-projekt-bewerben\/#primaryimage\"},\"image\":{\"@id\":\"https:\/\/www.the-helping-people.com\/mit-projekt-bewerben\/#primaryimage\"},\"thumbnailUrl\":\"https:\/\/www.the-helping-people.com\/wp-content\/uploads\/2021\/11\/Stock_THP-1250x675.jpg\",\"datePublished\":\"2022-02-24T15:35:38+00:00\",\"dateModified\":\"2022-08-12T05:29:23+00:00\",\"description\":\"Projektf\u00f6rderung unterst\u00fctzen mit THE HELPING PEOPLE. Wir unterst\u00fctzten Sie bei Ihrer Spende \u2713 pers\u00f6nlich \u2713 mit 100 % Impact. Jetzt spenden\u25ba\",\"breadcrumb\":{\"@id\":\"https:\/\/www.the-helping-people.com\/mit-projekt-bewerben\/#breadcrumb\"},\"inLanguage\":\"en-GB\",\"potentialAction\":[{\"@type\":\"ReadAction\",\"target\":[\"https:\/\/www.the-helping-people.com\/mit-projekt-bewerben\/\"]}]},{\"@type\":\"ImageObject\",\"inLanguage\":\"en-GB\",\"@id\":\"https:\/\/www.the-helping-people.com\/mit-projekt-bewerben\/#primaryimage\",\"url\":\"https:\/\/www.the-helping-people.com\/wp-content\/uploads\/2021\/11\/Stock_THP-1250x675.jpg\",\"contentUrl\":\"https:\/\/www.the-helping-people.com\/wp-content\/uploads\/2021\/11\/Stock_THP-1250x675.jpg\"},{\"@type\":\"BreadcrumbList\",\"@id\":\"https:\/\/www.the-helping-people.com\/mit-projekt-bewerben\/#breadcrumb\",\"itemListElement\":[{\"@type\":\"ListItem\",\"position\":1,\"name\":\"Startseite\",\"item\":\"https:\/\/www.the-helping-people.com\/\"},{\"@type\":\"ListItem\",\"position\":2,\"name\":\"Mit Projekt bewerben\"}]},{\"@type\":\"WebSite\",\"@id\":\"https:\/\/www.the-helping-people.com\/#website\",\"url\":\"https:\/\/www.the-helping-people.com\/\",\"name\":\"The Helping People\",\"description\":\"Unsere Mission: 100%\",\"publisher\":{\"@id\":\"https:\/\/www.the-helping-people.com\/#organization\"},\"potentialAction\":[{\"@type\":\"SearchAction\",\"target\":{\"@type\":\"EntryPoint\",\"urlTemplate\":\"https:\/\/www.the-helping-people.com\/?s={search_term_string}\"},\"query-input\":{\"@type\":\"PropertyValueSpecification\",\"valueRequired\":true,\"valueName\":\"search_term_string\"}}],\"inLanguage\":\"en-GB\"},{\"@type\":\"Organization\",\"@id\":\"https:\/\/www.the-helping-people.com\/#organization\",\"name\":\"THE HELPING PEOPLE STIFTUNG\",\"url\":\"https:\/\/www.the-helping-people.com\/\",\"logo\":{\"@type\":\"ImageObject\",\"inLanguage\":\"en-GB\",\"@id\":\"https:\/\/www.the-helping-people.com\/#\/schema\/logo\/image\/\",\"url\":\"https:\/\/www.the-helping-people.com\/wp-content\/uploads\/2021\/11\/Logo_thp.png\",\"contentUrl\":\"https:\/\/www.the-helping-people.com\/wp-content\/uploads\/2021\/11\/Logo_thp.png\",\"width\":348,\"height\":348,\"caption\":\"THE HELPING PEOPLE STIFTUNG\"},\"image\":{\"@id\":\"https:\/\/www.the-helping-people.com\/#\/schema\/logo\/image\/\"}}]}<\/script>\n<!-- \/ Yoast SEO plugin. -->","yoast_head_json":{"title":"Project Funding - 100% Impact Donations | THE-HELPING-PEOPLE","description":"Support project funding with THE HELPING PEOPLE. We support you with your donation \u2713 personally \u2713 with 100% impact. Donate now\u25ba","robots":{"index":"index","follow":"follow","max-snippet":"max-snippet:-1","max-image-preview":"max-image-preview:large","max-video-preview":"max-video-preview:-1"},"canonical":"https:\/\/www.the-helping-people.com\/en\/mit-projekt-bewerben\/","og_locale":"en_GB","og_type":"article","og_title":"Projektf\u00f6rderung - 100% Impact Spenden | THE-HELPING-PEOPLE","og_description":"Projektf\u00f6rderung unterst\u00fctzen mit THE HELPING PEOPLE. Wir unterst\u00fctzten Sie bei Ihrer Spende \u2713 pers\u00f6nlich \u2713 mit 100 % Impact. Jetzt spenden\u25ba","og_url":"https:\/\/www.the-helping-people.com\/en\/mit-projekt-bewerben\/","og_site_name":"The Helping People","article_modified_time":"2022-08-12T05:29:23+00:00","og_image":[{"url":"https:\/\/www.the-helping-people.com\/wp-content\/uploads\/2021\/11\/Stock_THP-1250x675.jpg","type":"","width":"","height":""}],"twitter_card":"summary_large_image","twitter_misc":{"Estimated reading time":"1 minute"},"schema":{"@context":"https:\/\/schema.org","@graph":[{"@type":"WebPage","@id":"https:\/\/www.the-helping-people.com\/mit-projekt-bewerben\/","url":"https:\/\/www.the-helping-people.com\/mit-projekt-bewerben\/","name":"Project Funding - 100% Impact Donations | THE-HELPING-PEOPLE","isPartOf":{"@id":"https:\/\/www.the-helping-people.com\/#website"},"primaryImageOfPage":{"@id":"https:\/\/www.the-helping-people.com\/mit-projekt-bewerben\/#primaryimage"},"image":{"@id":"https:\/\/www.the-helping-people.com\/mit-projekt-bewerben\/#primaryimage"},"thumbnailUrl":"https:\/\/www.the-helping-people.com\/wp-content\/uploads\/2021\/11\/Stock_THP-1250x675.jpg","datePublished":"2022-02-24T15:35:38+00:00","dateModified":"2022-08-12T05:29:23+00:00","description":"Support project funding with THE HELPING PEOPLE. We support you with your donation \u2713 personally \u2713 with 100% impact. Donate now\u25ba","breadcrumb":{"@id":"https:\/\/www.the-helping-people.com\/mit-projekt-bewerben\/#breadcrumb"},"inLanguage":"en-GB","potentialAction":[{"@type":"ReadAction","target":["https:\/\/www.the-helping-people.com\/mit-projekt-bewerben\/"]}]},{"@type":"ImageObject","inLanguage":"en-GB","@id":"https:\/\/www.the-helping-people.com\/mit-projekt-bewerben\/#primaryimage","url":"https:\/\/www.the-helping-people.com\/wp-content\/uploads\/2021\/11\/Stock_THP-1250x675.jpg","contentUrl":"https:\/\/www.the-helping-people.com\/wp-content\/uploads\/2021\/11\/Stock_THP-1250x675.jpg"},{"@type":"BreadcrumbList","@id":"https:\/\/www.the-helping-people.com\/mit-projekt-bewerben\/#breadcrumb","itemListElement":[{"@type":"ListItem","position":1,"name":"Startseite","item":"https:\/\/www.the-helping-people.com\/"},{"@type":"ListItem","position":2,"name":"Mit Projekt bewerben"}]},{"@type":"WebSite","@id":"https:\/\/www.the-helping-people.com\/#website","url":"https:\/\/www.the-helping-people.com\/","name":"The Helping People","description":"Unsere Mission: 100%","publisher":{"@id":"https:\/\/www.the-helping-people.com\/#organization"},"potentialAction":[{"@type":"SearchAction","target":{"@type":"EntryPoint","urlTemplate":"https:\/\/www.the-helping-people.com\/?s={search_term_string}"},"query-input":{"@type":"PropertyValueSpecification","valueRequired":true,"valueName":"search_term_string"}}],"inLanguage":"en-GB"},{"@type":"Organization","@id":"https:\/\/www.the-helping-people.com\/#organization","name":"THE HELPING PEOPLE FOUNDATION","url":"https:\/\/www.the-helping-people.com\/","logo":{"@type":"ImageObject","inLanguage":"en-GB","@id":"https:\/\/www.the-helping-people.com\/#\/schema\/logo\/image\/","url":"https:\/\/www.the-helping-people.com\/wp-content\/uploads\/2021\/11\/Logo_thp.png","contentUrl":"https:\/\/www.the-helping-people.com\/wp-content\/uploads\/2021\/11\/Logo_thp.png","width":348,"height":348,"caption":"THE HELPING PEOPLE STIFTUNG"},"image":{"@id":"https:\/\/www.the-helping-people.com\/#\/schema\/logo\/image\/"}}]}},"_links":{"self":[{"href":"https:\/\/www.the-helping-people.com\/en\/wp-json\/wp\/v2\/pages\/4851","targetHints":{"allow":["GET"]}}],"collection":[{"href":"https:\/\/www.the-helping-people.com\/en\/wp-json\/wp\/v2\/pages"}],"about":[{"href":"https:\/\/www.the-helping-people.com\/en\/wp-json\/wp\/v2\/types\/page"}],"author":[{"embeddable":true,"href":"https:\/\/www.the-helping-people.com\/en\/wp-json\/wp\/v2\/users\/1"}],"replies":[{"embeddable":true,"href":"https:\/\/www.the-helping-people.com\/en\/wp-json\/wp\/v2\/comments?post=4851"}],"version-history":[{"count":38,"href":"https:\/\/www.the-helping-people.com\/en\/wp-json\/wp\/v2\/pages\/4851\/revisions"}],"predecessor-version":[{"id":7311,"href":"https:\/\/www.the-helping-people.com\/en\/wp-json\/wp\/v2\/pages\/4851\/revisions\/7311"}],"wp:attachment":[{"href":"https:\/\/www.the-helping-people.com\/en\/wp-json\/wp\/v2\/media?parent=4851"}],"curies":[{"name":"wp","href":"https:\/\/api.w.org\/{rel}","templated":true}]}}