{"id":4859,"date":"2022-02-24T16:38:18","date_gmt":"2022-02-24T15:38:18","guid":{"rendered":"https:\/\/www.the-helping-people.com\/?page_id=4859"},"modified":"2022-03-07T09:37:14","modified_gmt":"2022-03-07T08:37:14","slug":"kriterien-projektauswahl","status":"publish","type":"page","link":"https:\/\/www.the-helping-people.com\/en\/kriterien-projektauswahl\/","title":{"rendered":"Project selection criteria"},"content":{"rendered":"<div data-elementor-type=\"wp-page\" data-elementor-id=\"4859\" class=\"elementor elementor-4859\" data-elementor-post-type=\"page\">\n\t\t\t\t\t\t<section class=\"elementor-section elementor-top-section elementor-element elementor-element-82ff7b5 elementor-section-full_width elementor-section-height-default elementor-section-height-default\" data-id=\"82ff7b5\" data-element_type=\"section\">\n\t\t\t\t\t\t<div class=\"elementor-container elementor-column-gap-no\">\n\t\t\t\t\t<div class=\"elementor-column elementor-col-100 elementor-top-column elementor-element elementor-element-0e50ce4\" data-id=\"0e50ce4\" data-element_type=\"column\">\n\t\t\t<div class=\"elementor-widget-wrap elementor-element-populated\">\n\t\t\t\t\t\t<div class=\"elementor-element elementor-element-c55da96 elementor-widget elementor-widget-thpheader\" data-id=\"c55da96\" data-element_type=\"widget\" data-widget_type=\"thpheader.default\">\n\t\t\t\t<div class=\"elementor-widget-container\">\n\t\t\t\t\t<div class=\"thp-header\"><img fetchpriority=\"high\" decoding=\"async\" width=\"1250\" height=\"675\" src=\"https:\/\/www.the-helping-people.com\/wp-content\/uploads\/2021\/11\/image22-menu-e1645674823198-1250x675.png\" class=\"attachment-header-wide size-header-wide\" alt=\"Food planting\" srcset=\"https:\/\/www.the-helping-people.com\/wp-content\/uploads\/2021\/11\/image22-menu-e1645674823198-1250x675.png 1250w, https:\/\/www.the-helping-people.com\/wp-content\/uploads\/2021\/11\/image22-menu-e1645674823198-300x162.png 300w, https:\/\/www.the-helping-people.com\/wp-content\/uploads\/2021\/11\/image22-menu-e1645674823198-1024x553.png 1024w, https:\/\/www.the-helping-people.com\/wp-content\/uploads\/2021\/11\/image22-menu-e1645674823198-768x414.png 768w, https:\/\/www.the-helping-people.com\/wp-content\/uploads\/2021\/11\/image22-menu-e1645674823198.png 1299w\" sizes=\"(max-width: 1250px) 100vw, 1250px\" \/><div class=\"thp-header-more\"><div class=\"thp-header-title\"><div><span >Project selection criteria<\/span><\/div><\/div><\/div><\/div>\t\t\t\t<\/div>\n\t\t\t\t<\/div>\n\t\t\t\t\t<\/div>\n\t\t<\/div>\n\t\t\t\t\t<\/div>\n\t\t<\/section>\n\t\t\t\t<section class=\"elementor-section elementor-top-section elementor-element elementor-element-83bcc7f elementor-section-boxed elementor-section-height-default elementor-section-height-default\" data-id=\"83bcc7f\" data-element_type=\"section\">\n\t\t\t\t\t\t<div class=\"elementor-container elementor-column-gap-default\">\n\t\t\t\t\t<div class=\"elementor-column elementor-col-100 elementor-top-column elementor-element elementor-element-cecc70e\" data-id=\"cecc70e\" data-element_type=\"column\">\n\t\t\t<div class=\"elementor-widget-wrap elementor-element-populated\">\n\t\t\t\t\t\t<div class=\"elementor-element elementor-element-48ddc7e elementor-widget elementor-widget-heading\" data-id=\"48ddc7e\" data-element_type=\"widget\" data-widget_type=\"heading.default\">\n\t\t\t\t<div class=\"elementor-widget-container\">\n\t\t\t\t\t<h3 class=\"elementor-heading-title elementor-size-default\">3 SUBJECT AREAS FOR PROJECTS<\/h3>\t\t\t\t<\/div>\n\t\t\t\t<\/div>\n\t\t\t\t\t<\/div>\n\t\t<\/div>\n\t\t\t\t\t<\/div>\n\t\t<\/section>\n\t\t\t\t<section class=\"elementor-section elementor-top-section elementor-element elementor-element-4d85ee5 elementor-section-boxed elementor-section-height-default elementor-section-height-default\" data-id=\"4d85ee5\" data-element_type=\"section\">\n\t\t\t\t\t\t<div class=\"elementor-container elementor-column-gap-default\">\n\t\t\t\t\t<div class=\"elementor-column elementor-col-100 elementor-top-column elementor-element elementor-element-a17aeff\" data-id=\"a17aeff\" data-element_type=\"column\">\n\t\t\t<div class=\"elementor-widget-wrap elementor-element-populated\">\n\t\t\t\t\t\t<div class=\"elementor-element elementor-element-e9db2f3 elementor-widget elementor-widget-text-editor\" data-id=\"e9db2f3\" data-element_type=\"widget\" data-widget_type=\"text-editor.default\">\n\t\t\t\t<div class=\"elementor-widget-container\">\n\t\t\t\t\t\t\t\t\t<p>THE HELPING PEOPLE works in three focus topics, develops project ideas there or ties up with existing projects and structures.<\/p><p>You can get to know our project selection criteria here:\u00a0\u00a0\u00a0\u00a0<\/p>\t\t\t\t\t\t\t\t<\/div>\n\t\t\t\t<\/div>\n\t\t\t\t\t<\/div>\n\t\t<\/div>\n\t\t\t\t\t<\/div>\n\t\t<\/section>\n\t\t\t\t<section class=\"elementor-section elementor-top-section elementor-element elementor-element-26038ab elementor-section-boxed elementor-section-height-default elementor-section-height-default\" data-id=\"26038ab\" data-element_type=\"section\">\n\t\t\t\t\t\t<div class=\"elementor-container elementor-column-gap-default\">\n\t\t\t\t\t<div class=\"elementor-column elementor-col-100 elementor-top-column elementor-element elementor-element-8512cc6\" data-id=\"8512cc6\" data-element_type=\"column\">\n\t\t\t<div class=\"elementor-widget-wrap elementor-element-populated\">\n\t\t\t\t\t\t<div class=\"elementor-element elementor-element-4e145bc elementor-widget elementor-widget-heading\" data-id=\"4e145bc\" data-element_type=\"widget\" data-widget_type=\"heading.default\">\n\t\t\t\t<div class=\"elementor-widget-container\">\n\t\t\t\t\t<h4 class=\"elementor-heading-title elementor-size-default\">Funding according to contents:<\/h4>\t\t\t\t<\/div>\n\t\t\t\t<\/div>\n\t\t\t\t<div class=\"elementor-element elementor-element-0a63f3d elementor-widget elementor-widget-text-editor\" data-id=\"0a63f3d\" data-element_type=\"widget\" data-widget_type=\"text-editor.default\">\n\t\t\t\t<div class=\"elementor-widget-container\">\n\t\t\t\t\t\t\t\t\t<p>We promote projects in the fields of <strong>Education and future<\/strong>, <strong>Health and prevention <\/strong>and<strong> climate and nature protection.<\/strong><\/p><p>The projects must be consistent with our goals in the focus topics or expand them meaningfully.\u00a0<\/p>\t\t\t\t\t\t\t\t<\/div>\n\t\t\t\t<\/div>\n\t\t\t\t\t<\/div>\n\t\t<\/div>\n\t\t\t\t\t<\/div>\n\t\t<\/section>\n\t\t\t\t<section class=\"elementor-section elementor-top-section elementor-element elementor-element-a923362 elementor-section-boxed elementor-section-height-default elementor-section-height-default\" data-id=\"a923362\" data-element_type=\"section\">\n\t\t\t\t\t\t<div class=\"elementor-container elementor-column-gap-default\">\n\t\t\t\t\t<div class=\"elementor-column elementor-col-100 elementor-top-column elementor-element elementor-element-2218311\" data-id=\"2218311\" data-element_type=\"column\">\n\t\t\t<div class=\"elementor-widget-wrap elementor-element-populated\">\n\t\t\t\t\t\t<div class=\"elementor-element elementor-element-8a3f890 elementor-widget elementor-widget-heading\" data-id=\"8a3f890\" data-element_type=\"widget\" data-widget_type=\"heading.default\">\n\t\t\t\t<div class=\"elementor-widget-container\">\n\t\t\t\t\t<h4 class=\"elementor-heading-title elementor-size-default\">Funding requirements:<\/h4>\t\t\t\t<\/div>\n\t\t\t\t<\/div>\n\t\t\t\t<div class=\"elementor-element elementor-element-e1dbcd1 elementor-widget elementor-widget-text-editor\" data-id=\"e1dbcd1\" data-element_type=\"widget\" data-widget_type=\"text-editor.default\">\n\t\t\t\t<div class=\"elementor-widget-container\">\n\t\t\t\t\t\t\t\t\t<ul><li>People and improving the quality of life are the focus of your project.<\/li><li>Your project is designed for sustainability and leaves a lasting effect.<\/li><li>You are regionally networked in your project and use your interfaces for continuous further development.<\/li><li>The project is aligned and evaluated according to goals.<\/li><li>You can promise quarterly reporting.<\/li><li>You can show your use of funds down to the voucher level.<\/li><\/ul>\t\t\t\t\t\t\t\t<\/div>\n\t\t\t\t<\/div>\n\t\t\t\t\t<\/div>\n\t\t<\/div>\n\t\t\t\t\t<\/div>\n\t\t<\/section>\n\t\t\t\t<section class=\"elementor-section elementor-top-section elementor-element elementor-element-1c0ea10 elementor-section-boxed elementor-section-height-default elementor-section-height-default\" data-id=\"1c0ea10\" data-element_type=\"section\">\n\t\t\t\t\t\t<div class=\"elementor-container elementor-column-gap-default\">\n\t\t\t\t\t<div class=\"elementor-column elementor-col-100 elementor-top-column elementor-element elementor-element-7d10301\" data-id=\"7d10301\" data-element_type=\"column\">\n\t\t\t<div class=\"elementor-widget-wrap elementor-element-populated\">\n\t\t\t\t\t\t<div class=\"elementor-element elementor-element-eac4ead elementor-widget elementor-widget-heading\" data-id=\"eac4ead\" data-element_type=\"widget\" data-widget_type=\"heading.default\">\n\t\t\t\t<div class=\"elementor-widget-container\">\n\t\t\t\t\t<h4 class=\"elementor-heading-title elementor-size-default\">Funding means:<\/h4>\t\t\t\t<\/div>\n\t\t\t\t<\/div>\n\t\t\t\t<div class=\"elementor-element elementor-element-203d011 elementor-widget elementor-widget-text-editor\" data-id=\"203d011\" data-element_type=\"widget\" data-widget_type=\"text-editor.default\">\n\t\t\t\t<div class=\"elementor-widget-container\">\n\t\t\t\t\t\t\t\t\t<p>\u2026 that you are ready for a regular exchange with us.<br \/>\u2026 cooperation on equal footing.<br \/>\u2026 that you put 100% of your heart and soul into your project.<\/p>\t\t\t\t\t\t\t\t<\/div>\n\t\t\t\t<\/div>\n\t\t\t\t\t<\/div>\n\t\t<\/div>\n\t\t\t\t\t<\/div>\n\t\t<\/section>\n\t\t\t\t<section class=\"elementor-section elementor-top-section elementor-element elementor-element-56c33f4 elementor-section-boxed elementor-section-height-default elementor-section-height-default\" data-id=\"56c33f4\" data-element_type=\"section\">\n\t\t\t\t\t\t<div class=\"elementor-container elementor-column-gap-default\">\n\t\t\t\t\t<div class=\"elementor-column elementor-col-100 elementor-top-column elementor-element elementor-element-87b9e64\" data-id=\"87b9e64\" data-element_type=\"column\">\n\t\t\t<div class=\"elementor-widget-wrap elementor-element-populated\">\n\t\t\t\t\t\t<div class=\"elementor-element elementor-element-8ad4c8a elementor-widget elementor-widget-heading\" data-id=\"8ad4c8a\" data-element_type=\"widget\" data-widget_type=\"heading.default\">\n\t\t\t\t<div class=\"elementor-widget-container\">\n\t\t\t\t\t<h3 class=\"elementor-heading-title elementor-size-default\">Our topics<\/h3>\t\t\t\t<\/div>\n\t\t\t\t<\/div>\n\t\t\t\t\t<\/div>\n\t\t<\/div>\n\t\t\t\t\t<\/div>\n\t\t<\/section>\n\t\t\t\t<section class=\"elementor-section elementor-top-section elementor-element elementor-element-320caad elementor-section-boxed elementor-section-height-default elementor-section-height-default\" data-id=\"320caad\" data-element_type=\"section\">\n\t\t\t\t\t\t<div class=\"elementor-container elementor-column-gap-default\">\n\t\t\t\t\t<div class=\"elementor-column elementor-col-100 elementor-top-column elementor-element elementor-element-fd8d385\" data-id=\"fd8d385\" data-element_type=\"column\">\n\t\t\t<div class=\"elementor-widget-wrap elementor-element-populated\">\n\t\t\t\t\t\t<div class=\"elementor-element elementor-element-c036b3d elementor-widget elementor-widget-thptopics\" data-id=\"c036b3d\" data-element_type=\"widget\" data-widget_type=\"thptopics.default\">\n\t\t\t\t<div class=\"elementor-widget-container\">\n\t\t\t\t\t<div class=\"thp-topics\"><div class=\"thp-topic\" style=\"background-color: #d65432; width: 33%\"><i class=\"thp-topic-icon fa fa-heart-o\"><\/i><h3 class=\"thp-topic-title\">Health and prevention<\/h3><div class=\"thp-topic-details\"><p class=\"thp-topic-description\"><p>Nearly 684 million people worldwide suffer from malnutrition. Many people in poorer countries have poor or no access to drinking water and sanitation. Geography and wealth play the central role: the countries with the lowest life expectancy are all on the African continent.<\/p>\n<\/p><div class=\"thp-topic-link\"><a href=\"https:\/\/www.the-helping-people.com\/en\/themen\/gesundheit-und-praevention\">More information<\/a><\/div><\/div><\/div><div class=\"thp-topic\" style=\"background-color: #204e95; width: 33%\"><i class=\"thp-topic-icon fa fa-book\"><\/i><h3 class=\"thp-topic-title\">Education and future<\/h3><div class=\"thp-topic-details\"><p class=\"thp-topic-description\"><p>Education is something many people take for granted. It is simply there. More than 263 million children and young people worldwide have no access or right to education.<\/p>\n<\/p><div class=\"thp-topic-link\"><a href=\"https:\/\/www.the-helping-people.com\/en\/themen\/bildung-und-zukunft\">More information<\/a><\/div><\/div><\/div><div class=\"thp-topic\" style=\"background-color: #68b444; width: 33%\"><i class=\"thp-topic-icon fa fa-tree\"><\/i><h3 class=\"thp-topic-title\">Climate and nature protection<\/h3><div class=\"thp-topic-details\"><p class=\"thp-topic-description\"><p>Climate change is on everyone's lips. Forest dieback, rising temperatures, melting glaciers, too much rain in some places, too little rain and fires in others. We have to do something - and we have to do it now!<\/p>\n<\/p><div class=\"thp-topic-link\"><a href=\"https:\/\/www.the-helping-people.com\/en\/themen\/klima-und-naturschutz\">More information<\/a><\/div><\/div><\/div><\/div>\t\t\t\t<\/div>\n\t\t\t\t<\/div>\n\t\t\t\t\t<\/div>\n\t\t<\/div>\n\t\t\t\t\t<\/div>\n\t\t<\/section>\n\t\t\t\t<\/div>","protected":false},"excerpt":{"rendered":"<p>Kriterien Projektauswahl 3 Themengebiete f\u00fcr Projekte THE HELPING PEOPLE arbeitet in drei Fokusthemen, entwickelt in diesen Projektideen oder kn\u00fcpft an bestehende Projekte und Strukturen an. Unsere Kriterien f\u00fcr die Projektauswahl\u00a0kannst du hier kennen lernen:\u00a0\u00a0\u00a0\u00a0 F\u00f6rderung nach Inhalten: Wir f\u00f6rdern Projekte in den Bereichen Bildung und Zukunft, Gesundheit und Pr\u00e4vention und Klima- und Naturschutz. Die Projekte [&hellip;]<\/p>","protected":false},"author":1,"featured_media":0,"parent":0,"menu_order":0,"comment_status":"closed","ping_status":"closed","template":"","meta":{"_acf_changed":false,"inline_featured_image":false,"footnotes":""},"class_list":["post-4859","page","type-page","status-publish","hentry"],"acf":[],"yoast_head":"<!-- This site is optimized with the Yoast SEO plugin v26.6 - https:\/\/yoast.com\/wordpress\/plugins\/seo\/ -->\n<title>F\u00f6rderung Kriterien - 100% Impact Spenden | THE-HELPING-PEOPLE<\/title>\n<meta name=\"description\" content=\"F\u00f6rderung Kriterien unterst\u00fctzen mit THE HELPING PEOPLE. Wir unterst\u00fctzten Sie bei Ihrer Spende \u2713 pers\u00f6nlich \u2713 mit 100 % Impact. Jetzt spenden\u25ba\" \/>\n<meta name=\"robots\" content=\"index, follow, max-snippet:-1, max-image-preview:large, max-video-preview:-1\" \/>\n<link rel=\"canonical\" href=\"https:\/\/www.the-helping-people.com\/en\/kriterien-projektauswahl\/\" \/>\n<meta property=\"og:locale\" content=\"en_GB\" \/>\n<meta property=\"og:type\" content=\"article\" \/>\n<meta property=\"og:title\" content=\"F\u00f6rderung Kriterien - 100% Impact Spenden | THE-HELPING-PEOPLE\" \/>\n<meta property=\"og:description\" content=\"F\u00f6rderung Kriterien unterst\u00fctzen mit THE HELPING PEOPLE. Wir unterst\u00fctzten Sie bei Ihrer Spende \u2713 pers\u00f6nlich \u2713 mit 100 % Impact. Jetzt spenden\u25ba\" \/>\n<meta property=\"og:url\" content=\"https:\/\/www.the-helping-people.com\/en\/kriterien-projektauswahl\/\" \/>\n<meta property=\"og:site_name\" content=\"The Helping People\" \/>\n<meta property=\"article:modified_time\" content=\"2022-03-07T08:37:14+00:00\" \/>\n<meta property=\"og:image\" content=\"https:\/\/www.the-helping-people.com\/wp-content\/uploads\/2021\/11\/image22-menu-e1645674823198-1250x675.png\" \/>\n<meta name=\"twitter:card\" content=\"summary_large_image\" \/>\n<meta name=\"twitter:label1\" content=\"Estimated reading time\" \/>\n\t<meta name=\"twitter:data1\" content=\"2 minutes\" \/>\n<script type=\"application\/ld+json\" class=\"yoast-schema-graph\">{\"@context\":\"https:\/\/schema.org\",\"@graph\":[{\"@type\":\"WebPage\",\"@id\":\"https:\/\/www.the-helping-people.com\/kriterien-projektauswahl\/\",\"url\":\"https:\/\/www.the-helping-people.com\/kriterien-projektauswahl\/\",\"name\":\"F\u00f6rderung Kriterien - 100% Impact Spenden | THE-HELPING-PEOPLE\",\"isPartOf\":{\"@id\":\"https:\/\/www.the-helping-people.com\/#website\"},\"primaryImageOfPage\":{\"@id\":\"https:\/\/www.the-helping-people.com\/kriterien-projektauswahl\/#primaryimage\"},\"image\":{\"@id\":\"https:\/\/www.the-helping-people.com\/kriterien-projektauswahl\/#primaryimage\"},\"thumbnailUrl\":\"https:\/\/www.the-helping-people.com\/wp-content\/uploads\/2021\/11\/image22-menu-e1645674823198-1250x675.png\",\"datePublished\":\"2022-02-24T15:38:18+00:00\",\"dateModified\":\"2022-03-07T08:37:14+00:00\",\"description\":\"F\u00f6rderung Kriterien unterst\u00fctzen mit THE HELPING PEOPLE. Wir unterst\u00fctzten Sie bei Ihrer Spende \u2713 pers\u00f6nlich \u2713 mit 100 % Impact. Jetzt spenden\u25ba\",\"breadcrumb\":{\"@id\":\"https:\/\/www.the-helping-people.com\/kriterien-projektauswahl\/#breadcrumb\"},\"inLanguage\":\"en-GB\",\"potentialAction\":[{\"@type\":\"ReadAction\",\"target\":[\"https:\/\/www.the-helping-people.com\/kriterien-projektauswahl\/\"]}]},{\"@type\":\"ImageObject\",\"inLanguage\":\"en-GB\",\"@id\":\"https:\/\/www.the-helping-people.com\/kriterien-projektauswahl\/#primaryimage\",\"url\":\"https:\/\/www.the-helping-people.com\/wp-content\/uploads\/2021\/11\/image22-menu-e1645674823198-1250x675.png\",\"contentUrl\":\"https:\/\/www.the-helping-people.com\/wp-content\/uploads\/2021\/11\/image22-menu-e1645674823198-1250x675.png\"},{\"@type\":\"BreadcrumbList\",\"@id\":\"https:\/\/www.the-helping-people.com\/kriterien-projektauswahl\/#breadcrumb\",\"itemListElement\":[{\"@type\":\"ListItem\",\"position\":1,\"name\":\"Startseite\",\"item\":\"https:\/\/www.the-helping-people.com\/\"},{\"@type\":\"ListItem\",\"position\":2,\"name\":\"Kriterien Projektauswahl\"}]},{\"@type\":\"WebSite\",\"@id\":\"https:\/\/www.the-helping-people.com\/#website\",\"url\":\"https:\/\/www.the-helping-people.com\/\",\"name\":\"The Helping People\",\"description\":\"Unsere Mission: 100%\",\"publisher\":{\"@id\":\"https:\/\/www.the-helping-people.com\/#organization\"},\"potentialAction\":[{\"@type\":\"SearchAction\",\"target\":{\"@type\":\"EntryPoint\",\"urlTemplate\":\"https:\/\/www.the-helping-people.com\/?s={search_term_string}\"},\"query-input\":{\"@type\":\"PropertyValueSpecification\",\"valueRequired\":true,\"valueName\":\"search_term_string\"}}],\"inLanguage\":\"en-GB\"},{\"@type\":\"Organization\",\"@id\":\"https:\/\/www.the-helping-people.com\/#organization\",\"name\":\"THE HELPING PEOPLE STIFTUNG\",\"url\":\"https:\/\/www.the-helping-people.com\/\",\"logo\":{\"@type\":\"ImageObject\",\"inLanguage\":\"en-GB\",\"@id\":\"https:\/\/www.the-helping-people.com\/#\/schema\/logo\/image\/\",\"url\":\"https:\/\/www.the-helping-people.com\/wp-content\/uploads\/2021\/11\/Logo_thp.png\",\"contentUrl\":\"https:\/\/www.the-helping-people.com\/wp-content\/uploads\/2021\/11\/Logo_thp.png\",\"width\":348,\"height\":348,\"caption\":\"THE HELPING PEOPLE STIFTUNG\"},\"image\":{\"@id\":\"https:\/\/www.the-helping-people.com\/#\/schema\/logo\/image\/\"}}]}<\/script>\n<!-- \/ Yoast SEO plugin. -->","yoast_head_json":{"title":"Promotion Criteria - 100% Impact Donations | THE-HELPING-PEOPLE","description":"Promotion Criteria Support with THE HELPING PEOPLE. We support you with your donation \u2713 personally \u2713 with 100% impact. Donate now\u25ba","robots":{"index":"index","follow":"follow","max-snippet":"max-snippet:-1","max-image-preview":"max-image-preview:large","max-video-preview":"max-video-preview:-1"},"canonical":"https:\/\/www.the-helping-people.com\/en\/kriterien-projektauswahl\/","og_locale":"en_GB","og_type":"article","og_title":"F\u00f6rderung Kriterien - 100% Impact Spenden | THE-HELPING-PEOPLE","og_description":"F\u00f6rderung Kriterien unterst\u00fctzen mit THE HELPING PEOPLE. Wir unterst\u00fctzten Sie bei Ihrer Spende \u2713 pers\u00f6nlich \u2713 mit 100 % Impact. Jetzt spenden\u25ba","og_url":"https:\/\/www.the-helping-people.com\/en\/kriterien-projektauswahl\/","og_site_name":"The Helping People","article_modified_time":"2022-03-07T08:37:14+00:00","og_image":[{"url":"https:\/\/www.the-helping-people.com\/wp-content\/uploads\/2021\/11\/image22-menu-e1645674823198-1250x675.png","type":"","width":"","height":""}],"twitter_card":"summary_large_image","twitter_misc":{"Estimated reading time":"2 minutes"},"schema":{"@context":"https:\/\/schema.org","@graph":[{"@type":"WebPage","@id":"https:\/\/www.the-helping-people.com\/kriterien-projektauswahl\/","url":"https:\/\/www.the-helping-people.com\/kriterien-projektauswahl\/","name":"Promotion Criteria - 100% Impact Donations | THE-HELPING-PEOPLE","isPartOf":{"@id":"https:\/\/www.the-helping-people.com\/#website"},"primaryImageOfPage":{"@id":"https:\/\/www.the-helping-people.com\/kriterien-projektauswahl\/#primaryimage"},"image":{"@id":"https:\/\/www.the-helping-people.com\/kriterien-projektauswahl\/#primaryimage"},"thumbnailUrl":"https:\/\/www.the-helping-people.com\/wp-content\/uploads\/2021\/11\/image22-menu-e1645674823198-1250x675.png","datePublished":"2022-02-24T15:38:18+00:00","dateModified":"2022-03-07T08:37:14+00:00","description":"Promotion Criteria Support with THE HELPING PEOPLE. We support you with your donation \u2713 personally \u2713 with 100% impact. Donate now\u25ba","breadcrumb":{"@id":"https:\/\/www.the-helping-people.com\/kriterien-projektauswahl\/#breadcrumb"},"inLanguage":"en-GB","potentialAction":[{"@type":"ReadAction","target":["https:\/\/www.the-helping-people.com\/kriterien-projektauswahl\/"]}]},{"@type":"ImageObject","inLanguage":"en-GB","@id":"https:\/\/www.the-helping-people.com\/kriterien-projektauswahl\/#primaryimage","url":"https:\/\/www.the-helping-people.com\/wp-content\/uploads\/2021\/11\/image22-menu-e1645674823198-1250x675.png","contentUrl":"https:\/\/www.the-helping-people.com\/wp-content\/uploads\/2021\/11\/image22-menu-e1645674823198-1250x675.png"},{"@type":"BreadcrumbList","@id":"https:\/\/www.the-helping-people.com\/kriterien-projektauswahl\/#breadcrumb","itemListElement":[{"@type":"ListItem","position":1,"name":"Startseite","item":"https:\/\/www.the-helping-people.com\/"},{"@type":"ListItem","position":2,"name":"Kriterien Projektauswahl"}]},{"@type":"WebSite","@id":"https:\/\/www.the-helping-people.com\/#website","url":"https:\/\/www.the-helping-people.com\/","name":"The Helping People","description":"Unsere Mission: 100%","publisher":{"@id":"https:\/\/www.the-helping-people.com\/#organization"},"potentialAction":[{"@type":"SearchAction","target":{"@type":"EntryPoint","urlTemplate":"https:\/\/www.the-helping-people.com\/?s={search_term_string}"},"query-input":{"@type":"PropertyValueSpecification","valueRequired":true,"valueName":"search_term_string"}}],"inLanguage":"en-GB"},{"@type":"Organization","@id":"https:\/\/www.the-helping-people.com\/#organization","name":"THE HELPING PEOPLE FOUNDATION","url":"https:\/\/www.the-helping-people.com\/","logo":{"@type":"ImageObject","inLanguage":"en-GB","@id":"https:\/\/www.the-helping-people.com\/#\/schema\/logo\/image\/","url":"https:\/\/www.the-helping-people.com\/wp-content\/uploads\/2021\/11\/Logo_thp.png","contentUrl":"https:\/\/www.the-helping-people.com\/wp-content\/uploads\/2021\/11\/Logo_thp.png","width":348,"height":348,"caption":"THE HELPING PEOPLE STIFTUNG"},"image":{"@id":"https:\/\/www.the-helping-people.com\/#\/schema\/logo\/image\/"}}]}},"_links":{"self":[{"href":"https:\/\/www.the-helping-people.com\/en\/wp-json\/wp\/v2\/pages\/4859","targetHints":{"allow":["GET"]}}],"collection":[{"href":"https:\/\/www.the-helping-people.com\/en\/wp-json\/wp\/v2\/pages"}],"about":[{"href":"https:\/\/www.the-helping-people.com\/en\/wp-json\/wp\/v2\/types\/page"}],"author":[{"embeddable":true,"href":"https:\/\/www.the-helping-people.com\/en\/wp-json\/wp\/v2\/users\/1"}],"replies":[{"embeddable":true,"href":"https:\/\/www.the-helping-people.com\/en\/wp-json\/wp\/v2\/comments?post=4859"}],"version-history":[{"count":104,"href":"https:\/\/www.the-helping-people.com\/en\/wp-json\/wp\/v2\/pages\/4859\/revisions"}],"predecessor-version":[{"id":6400,"href":"https:\/\/www.the-helping-people.com\/en\/wp-json\/wp\/v2\/pages\/4859\/revisions\/6400"}],"wp:attachment":[{"href":"https:\/\/www.the-helping-people.com\/en\/wp-json\/wp\/v2\/media?parent=4859"}],"curies":[{"name":"wp","href":"https:\/\/api.w.org\/{rel}","templated":true}]}}