{"id":7406,"date":"2022-08-12T14:27:17","date_gmt":"2022-08-12T12:27:17","guid":{"rendered":"https:\/\/www.the-helping-people.com\/?page_id=7406"},"modified":"2022-08-26T16:18:10","modified_gmt":"2022-08-26T14:18:10","slug":"teilnahmebedingungen-pitch","status":"publish","type":"page","link":"https:\/\/www.the-helping-people.com\/en\/teilnahmebedingungen-pitch\/","title":{"rendered":"Teilnahmebedingungen Pitch"},"content":{"rendered":"<div data-elementor-type=\"wp-page\" data-elementor-id=\"7406\" class=\"elementor elementor-7406\" data-elementor-post-type=\"page\">\n\t\t\t\t\t\t<section class=\"elementor-section elementor-top-section elementor-element elementor-element-36c733f9 elementor-section-boxed elementor-section-height-default elementor-section-height-default\" data-id=\"36c733f9\" data-element_type=\"section\">\n\t\t\t\t\t\t<div class=\"elementor-container elementor-column-gap-default\">\n\t\t\t\t\t<div class=\"elementor-column elementor-col-100 elementor-top-column elementor-element elementor-element-3f25e0b\" data-id=\"3f25e0b\" data-element_type=\"column\">\n\t\t\t<div class=\"elementor-widget-wrap elementor-element-populated\">\n\t\t\t\t\t\t<div class=\"elementor-element elementor-element-54bcb350 elementor-widget elementor-widget-text-editor\" data-id=\"54bcb350\" data-element_type=\"widget\" data-widget_type=\"text-editor.default\">\n\t\t\t\t<div class=\"elementor-widget-container\">\n\t\t\t\t\t\t\t\t\t<h4>&nbsp;<\/h4>\n<h1>&nbsp;<\/h1>\n<h1>Teilnahmebedingungen Helping People Pitch<\/h1>\n<h2>&nbsp;<\/h2>\n<h2>Es gelten die folgenden Bedingungen:<\/h2>\n<h4>1. Veranstalterin<\/h4>\n<p>Der \u201eHelping People Pitch\u201c wird durchgef\u00fchrt von der The Helping People Stiftung, Tulpenweg 12, 38108 Braunschweig.<\/p>\n<h4>2. Wer ist teilnahmeberechtigt?<\/h4>\n<p>Teilnahmeberechtigt sind NGOs, die ihren Sitz in der Bundesrepublik Deutschland haben. Private sowie juristische Einzelpersonen sind nicht teilnahmeberechtigt. Die teilnehmende NGO muss unter Umst\u00e4nden ihre Teilnahmeberechtigung an der Veranstaltung nachweisen. Weist die NGO innerhalb der durch die The Helping People Stiftung gesetzte Frist die Teilnahmeberechtigung nicht nach, beh\u00e4lt sich die The Helping People Stiftung vor, die NGO von der Teilnahme auszuschlie\u00dfen.<\/p>\n<h4>3. Gewinn<\/h4>\n<p>Der Gewinn bel\u00e4uft sich auf eine einmalige Spendenzahlung in H\u00f6he der im Webformular angegebenen Projektkosten f\u00fcr insgesamt ein Jahr f\u00fcr ein mit der The Helping People Stiftung abgestimmtes internationales Bildungsprojekt.<\/p>\n<h4>4. Wie erfolgt die Teilnahme?<\/h4>\n<p>Die NGOs k\u00f6nnen sich bis zum 30.09.2022 \u00fcber das Webformular bewerben. Nach Bewerbungsschluss entscheidet eine Jury dar\u00fcber, welche NGOs im Rahmen eines digitalen Pitch am 07.10.2022 ihr zuvor im Webformular beschriebenes internationales Bildungsprojekt pr\u00e4sentieren d\u00fcrfen. <br>Um an der Veranstaltung teilnehmen zu k\u00f6nnen, muss die teilnehmende NGO alle Pflichtfelder im Webformular ordnungsgem\u00e4\u00df ausf\u00fcllen sowie die Teilnahmebedingungen und Datenschutzhinweise akzeptieren.<\/p>\n<h4>5. Ermittlung der Gewinner-NGO<\/h4>\n<p>Nach der Durchf\u00fchrung der Pitches (Vorstellung der Projekte) der ausgew\u00e4hlten NGOs, w\u00e4hlt eine Jury die Gewinner-NGO aus. Sollte keine der NGOs die Jury \u00fcberzeugt haben, beh\u00e4lt sich die The Helping People Stiftung vor, die Gewinnsumme anderweitig einzusetzen. <br><\/p>\n<h4>6. Gewinnbenachrichtigung und -\u00fcbermittlung\u202f<\/h4>\n<p>Die Gewinner-NGO wird nach Ablauf des Gewinnspieles per E-Mail \u00fcber die bei der Teilnahme angegebene E-Mail-Adresse von der The Helping People Stiftung benachrichtigt. In dieser E-Mail wird die NGO aufgefordert, ihre Kontaktdaten (Name der vertretungsberechtigten Person, Adresse, Telefonnummer, E-Mail-Adresse) per E-Mail mitzuteilen. Die Kontaktangaben k\u00f6nnen nach der Einsendung nicht mehr ge\u00e4ndert werden. Erfolgt die Einsendung nicht zeitnah, kann die The Helping People Stiftung der NGO eine Frist f\u00fcr die Einsendung setzen. Erfolgt die \u00dcbersendung der Kontaktdaten nicht innerhalb der gesetzten Frist, beh\u00e4lt sich die The Helping Stiftung vor, die Gewinnsumme anderweitig zu vergeben. Die Gewinner-NGO verpflichtet sich im Rahmen des Gewinnspiels eine Vereinbarung \u00fcber die gemeinn\u00fctzige Zusammenarbeit mit der The Helping People Stiftung f\u00fcr mindestens 12 Monate zu schlie\u00dfen. Diese Vereinbarung sieht unter anderem vor, dass die NGO nach sechs und 12 Monaten einen Finanzbericht sowie nach 12 Monaten einen Sachbericht anfertigt. Diese Berichte sind der The Helping People Stiftung unaufgefordert zur Verf\u00fcgung zu stellen.<br>Erst nach Unterzeichnung der Vereinbarung \u00fcber die gemeinn\u00fctzige Zusammenarbeit wird die Gewinnsumme (Spende) an eine durch die NGO angegebene Kontoverbindung \u00fcberwiesen.<\/p>\t\t\t\t\t\t\t\t<\/div>\n\t\t\t\t<\/div>\n\t\t\t\t\t<\/div>\n\t\t<\/div>\n\t\t\t\t\t<\/div>\n\t\t<\/section>\n\t\t\t\t<\/div>","protected":false},"excerpt":{"rendered":"<p>&nbsp; &nbsp; Teilnahmebedingungen Helping People Pitch &nbsp; Es gelten die folgenden Bedingungen: 1. Veranstalterin Der \u201eHelping People Pitch\u201c wird durchgef\u00fchrt von der The Helping People Stiftung, Tulpenweg 12, 38108 Braunschweig. 2. Wer ist teilnahmeberechtigt? Teilnahmeberechtigt sind NGOs, die ihren Sitz in der Bundesrepublik Deutschland haben. Private sowie juristische Einzelpersonen sind nicht teilnahmeberechtigt. Die teilnehmende NGO [&hellip;]<\/p>","protected":false},"author":5,"featured_media":0,"parent":0,"menu_order":0,"comment_status":"closed","ping_status":"closed","template":"","meta":{"_acf_changed":false,"inline_featured_image":false,"footnotes":""},"class_list":["post-7406","page","type-page","status-publish","hentry"],"acf":[],"yoast_head":"<!-- This site is optimized with the Yoast SEO plugin v26.6 - https:\/\/yoast.com\/wordpress\/plugins\/seo\/ -->\n<title>Teilnahmebedingungen Pitch - The Helping People<\/title>\n<meta name=\"robots\" content=\"index, follow, max-snippet:-1, max-image-preview:large, max-video-preview:-1\" \/>\n<link rel=\"canonical\" href=\"https:\/\/www.the-helping-people.com\/en\/teilnahmebedingungen-pitch\/\" \/>\n<meta property=\"og:locale\" content=\"en_GB\" \/>\n<meta property=\"og:type\" content=\"article\" \/>\n<meta property=\"og:title\" content=\"Teilnahmebedingungen Pitch - The Helping People\" \/>\n<meta property=\"og:description\" content=\"&nbsp; &nbsp; Teilnahmebedingungen Helping People Pitch &nbsp; Es gelten die folgenden Bedingungen: 1. Veranstalterin Der \u201eHelping People Pitch\u201c wird durchgef\u00fchrt von der The Helping People Stiftung, Tulpenweg 12, 38108 Braunschweig. 2. Wer ist teilnahmeberechtigt? Teilnahmeberechtigt sind NGOs, die ihren Sitz in der Bundesrepublik Deutschland haben. Private sowie juristische Einzelpersonen sind nicht teilnahmeberechtigt. Die teilnehmende NGO [&hellip;]\" \/>\n<meta property=\"og:url\" content=\"https:\/\/www.the-helping-people.com\/en\/teilnahmebedingungen-pitch\/\" \/>\n<meta property=\"og:site_name\" content=\"The Helping People\" \/>\n<meta property=\"article:modified_time\" content=\"2022-08-26T14:18:10+00:00\" \/>\n<meta name=\"twitter:card\" content=\"summary_large_image\" \/>\n<meta name=\"twitter:label1\" content=\"Estimated reading time\" \/>\n\t<meta name=\"twitter:data1\" content=\"22 minutes\" \/>\n<script type=\"application\/ld+json\" class=\"yoast-schema-graph\">{\"@context\":\"https:\/\/schema.org\",\"@graph\":[{\"@type\":\"WebPage\",\"@id\":\"https:\/\/www.the-helping-people.com\/teilnahmebedingungen-pitch\/\",\"url\":\"https:\/\/www.the-helping-people.com\/teilnahmebedingungen-pitch\/\",\"name\":\"Teilnahmebedingungen Pitch - The Helping People\",\"isPartOf\":{\"@id\":\"https:\/\/www.the-helping-people.com\/#website\"},\"datePublished\":\"2022-08-12T12:27:17+00:00\",\"dateModified\":\"2022-08-26T14:18:10+00:00\",\"breadcrumb\":{\"@id\":\"https:\/\/www.the-helping-people.com\/teilnahmebedingungen-pitch\/#breadcrumb\"},\"inLanguage\":\"en-GB\",\"potentialAction\":[{\"@type\":\"ReadAction\",\"target\":[\"https:\/\/www.the-helping-people.com\/teilnahmebedingungen-pitch\/\"]}]},{\"@type\":\"BreadcrumbList\",\"@id\":\"https:\/\/www.the-helping-people.com\/teilnahmebedingungen-pitch\/#breadcrumb\",\"itemListElement\":[{\"@type\":\"ListItem\",\"position\":1,\"name\":\"Startseite\",\"item\":\"https:\/\/www.the-helping-people.com\/\"},{\"@type\":\"ListItem\",\"position\":2,\"name\":\"Teilnahmebedingungen Pitch\"}]},{\"@type\":\"WebSite\",\"@id\":\"https:\/\/www.the-helping-people.com\/#website\",\"url\":\"https:\/\/www.the-helping-people.com\/\",\"name\":\"The Helping People\",\"description\":\"Unsere Mission: 100%\",\"publisher\":{\"@id\":\"https:\/\/www.the-helping-people.com\/#organization\"},\"potentialAction\":[{\"@type\":\"SearchAction\",\"target\":{\"@type\":\"EntryPoint\",\"urlTemplate\":\"https:\/\/www.the-helping-people.com\/?s={search_term_string}\"},\"query-input\":{\"@type\":\"PropertyValueSpecification\",\"valueRequired\":true,\"valueName\":\"search_term_string\"}}],\"inLanguage\":\"en-GB\"},{\"@type\":\"Organization\",\"@id\":\"https:\/\/www.the-helping-people.com\/#organization\",\"name\":\"THE HELPING PEOPLE STIFTUNG\",\"url\":\"https:\/\/www.the-helping-people.com\/\",\"logo\":{\"@type\":\"ImageObject\",\"inLanguage\":\"en-GB\",\"@id\":\"https:\/\/www.the-helping-people.com\/#\/schema\/logo\/image\/\",\"url\":\"https:\/\/www.the-helping-people.com\/wp-content\/uploads\/2021\/11\/Logo_thp.png\",\"contentUrl\":\"https:\/\/www.the-helping-people.com\/wp-content\/uploads\/2021\/11\/Logo_thp.png\",\"width\":348,\"height\":348,\"caption\":\"THE HELPING PEOPLE STIFTUNG\"},\"image\":{\"@id\":\"https:\/\/www.the-helping-people.com\/#\/schema\/logo\/image\/\"}}]}<\/script>\n<!-- \/ Yoast SEO plugin. -->","yoast_head_json":{"title":"Teilnahmebedingungen Pitch - The Helping People","robots":{"index":"index","follow":"follow","max-snippet":"max-snippet:-1","max-image-preview":"max-image-preview:large","max-video-preview":"max-video-preview:-1"},"canonical":"https:\/\/www.the-helping-people.com\/en\/teilnahmebedingungen-pitch\/","og_locale":"en_GB","og_type":"article","og_title":"Teilnahmebedingungen Pitch - The Helping People","og_description":"&nbsp; &nbsp; Teilnahmebedingungen Helping People Pitch &nbsp; Es gelten die folgenden Bedingungen: 1. Veranstalterin Der \u201eHelping People Pitch\u201c wird durchgef\u00fchrt von der The Helping People Stiftung, Tulpenweg 12, 38108 Braunschweig. 2. Wer ist teilnahmeberechtigt? Teilnahmeberechtigt sind NGOs, die ihren Sitz in der Bundesrepublik Deutschland haben. Private sowie juristische Einzelpersonen sind nicht teilnahmeberechtigt. Die teilnehmende NGO [&hellip;]","og_url":"https:\/\/www.the-helping-people.com\/en\/teilnahmebedingungen-pitch\/","og_site_name":"The Helping People","article_modified_time":"2022-08-26T14:18:10+00:00","twitter_card":"summary_large_image","twitter_misc":{"Estimated reading time":"22 minutes"},"schema":{"@context":"https:\/\/schema.org","@graph":[{"@type":"WebPage","@id":"https:\/\/www.the-helping-people.com\/teilnahmebedingungen-pitch\/","url":"https:\/\/www.the-helping-people.com\/teilnahmebedingungen-pitch\/","name":"Teilnahmebedingungen Pitch - The Helping People","isPartOf":{"@id":"https:\/\/www.the-helping-people.com\/#website"},"datePublished":"2022-08-12T12:27:17+00:00","dateModified":"2022-08-26T14:18:10+00:00","breadcrumb":{"@id":"https:\/\/www.the-helping-people.com\/teilnahmebedingungen-pitch\/#breadcrumb"},"inLanguage":"en-GB","potentialAction":[{"@type":"ReadAction","target":["https:\/\/www.the-helping-people.com\/teilnahmebedingungen-pitch\/"]}]},{"@type":"BreadcrumbList","@id":"https:\/\/www.the-helping-people.com\/teilnahmebedingungen-pitch\/#breadcrumb","itemListElement":[{"@type":"ListItem","position":1,"name":"Startseite","item":"https:\/\/www.the-helping-people.com\/"},{"@type":"ListItem","position":2,"name":"Teilnahmebedingungen Pitch"}]},{"@type":"WebSite","@id":"https:\/\/www.the-helping-people.com\/#website","url":"https:\/\/www.the-helping-people.com\/","name":"The Helping People","description":"Unsere Mission: 100%","publisher":{"@id":"https:\/\/www.the-helping-people.com\/#organization"},"potentialAction":[{"@type":"SearchAction","target":{"@type":"EntryPoint","urlTemplate":"https:\/\/www.the-helping-people.com\/?s={search_term_string}"},"query-input":{"@type":"PropertyValueSpecification","valueRequired":true,"valueName":"search_term_string"}}],"inLanguage":"en-GB"},{"@type":"Organization","@id":"https:\/\/www.the-helping-people.com\/#organization","name":"THE HELPING PEOPLE FOUNDATION","url":"https:\/\/www.the-helping-people.com\/","logo":{"@type":"ImageObject","inLanguage":"en-GB","@id":"https:\/\/www.the-helping-people.com\/#\/schema\/logo\/image\/","url":"https:\/\/www.the-helping-people.com\/wp-content\/uploads\/2021\/11\/Logo_thp.png","contentUrl":"https:\/\/www.the-helping-people.com\/wp-content\/uploads\/2021\/11\/Logo_thp.png","width":348,"height":348,"caption":"THE HELPING PEOPLE STIFTUNG"},"image":{"@id":"https:\/\/www.the-helping-people.com\/#\/schema\/logo\/image\/"}}]}},"_links":{"self":[{"href":"https:\/\/www.the-helping-people.com\/en\/wp-json\/wp\/v2\/pages\/7406","targetHints":{"allow":["GET"]}}],"collection":[{"href":"https:\/\/www.the-helping-people.com\/en\/wp-json\/wp\/v2\/pages"}],"about":[{"href":"https:\/\/www.the-helping-people.com\/en\/wp-json\/wp\/v2\/types\/page"}],"author":[{"embeddable":true,"href":"https:\/\/www.the-helping-people.com\/en\/wp-json\/wp\/v2\/users\/5"}],"replies":[{"embeddable":true,"href":"https:\/\/www.the-helping-people.com\/en\/wp-json\/wp\/v2\/comments?post=7406"}],"version-history":[{"count":26,"href":"https:\/\/www.the-helping-people.com\/en\/wp-json\/wp\/v2\/pages\/7406\/revisions"}],"predecessor-version":[{"id":7491,"href":"https:\/\/www.the-helping-people.com\/en\/wp-json\/wp\/v2\/pages\/7406\/revisions\/7491"}],"wp:attachment":[{"href":"https:\/\/www.the-helping-people.com\/en\/wp-json\/wp\/v2\/media?parent=7406"}],"curies":[{"name":"wp","href":"https:\/\/api.w.org\/{rel}","templated":true}]}}