{"id":8133,"date":"2023-02-15T05:51:36","date_gmt":"2023-02-15T04:51:36","guid":{"rendered":"https:\/\/www.the-helping-people.com\/?page_id=8133"},"modified":"2023-02-15T06:26:17","modified_gmt":"2023-02-15T05:26:17","slug":"archivneu","status":"publish","type":"page","link":"https:\/\/www.the-helping-people.com\/en\/archivneu\/","title":{"rendered":"Archiv"},"content":{"rendered":"<div data-elementor-type=\"wp-page\" data-elementor-id=\"8133\" class=\"elementor elementor-8133\" data-elementor-post-type=\"page\">\n\t\t\t\t\t\t<section class=\"elementor-section elementor-top-section elementor-element elementor-element-666e3768 elementor-section-full_width elementor-section-height-default elementor-section-height-default\" data-id=\"666e3768\" data-element_type=\"section\">\n\t\t\t\t\t\t<div class=\"elementor-container elementor-column-gap-no\">\n\t\t\t\t\t<div class=\"elementor-column elementor-col-100 elementor-top-column elementor-element elementor-element-76ab5a3d\" data-id=\"76ab5a3d\" data-element_type=\"column\">\n\t\t\t<div class=\"elementor-widget-wrap elementor-element-populated\">\n\t\t\t\t\t\t<div class=\"elementor-element elementor-element-7744360d elementor-widget elementor-widget-thpheader\" data-id=\"7744360d\" data-element_type=\"widget\" data-widget_type=\"thpheader.default\">\n\t\t\t\t<div class=\"elementor-widget-container\">\n\t\t\t\t\t<div class=\"thp-header\"><div class=\"thp-header-more\"><div class=\"thp-header-title\"><h1><span >Archiv<\/span><\/h1><\/div><\/div><\/div>\t\t\t\t<\/div>\n\t\t\t\t<\/div>\n\t\t\t\t\t<\/div>\n\t\t<\/div>\n\t\t\t\t\t<\/div>\n\t\t<\/section>\n\t\t\t\t<section class=\"elementor-section elementor-top-section elementor-element elementor-element-bd06916 elementor-section-boxed elementor-section-height-default elementor-section-height-default\" data-id=\"bd06916\" data-element_type=\"section\">\n\t\t\t\t\t\t<div class=\"elementor-container elementor-column-gap-default\">\n\t\t\t\t\t<div class=\"elementor-column elementor-col-100 elementor-top-column elementor-element elementor-element-c7364b8\" data-id=\"c7364b8\" data-element_type=\"column\">\n\t\t\t<div class=\"elementor-widget-wrap elementor-element-populated\">\n\t\t\t\t\t\t<div class=\"elementor-element elementor-element-ddac90b elementor-widget elementor-widget-heading\" data-id=\"ddac90b\" data-element_type=\"widget\" data-widget_type=\"heading.default\">\n\t\t\t\t<div class=\"elementor-widget-container\">\n\t\t\t\t\t<h2 class=\"elementor-heading-title elementor-size-default\">Hier sammeln wir Interviews mit unseren HELPING PEOPLE<\/h2>\t\t\t\t<\/div>\n\t\t\t\t<\/div>\n\t\t\t\t\t<\/div>\n\t\t<\/div>\n\t\t\t\t\t<\/div>\n\t\t<\/section>\n\t\t\t\t<section class=\"elementor-section elementor-top-section elementor-element elementor-element-cddce26 elementor-section-boxed elementor-section-height-default elementor-section-height-default\" data-id=\"cddce26\" data-element_type=\"section\">\n\t\t\t\t\t\t<div class=\"elementor-container elementor-column-gap-default\">\n\t\t\t\t\t<div class=\"elementor-column elementor-col-100 elementor-top-column elementor-element elementor-element-cf7f639\" data-id=\"cf7f639\" data-element_type=\"column\">\n\t\t\t<div class=\"elementor-widget-wrap elementor-element-populated\">\n\t\t\t\t\t\t<div class=\"elementor-element elementor-element-29642ea elementor-grid-2 elementor-grid-tablet-2 elementor-grid-mobile-1 elementor-posts--thumbnail-top elementor-widget elementor-widget-posts\" data-id=\"29642ea\" data-element_type=\"widget\" data-settings=\"{&quot;classic_columns&quot;:&quot;2&quot;,&quot;pagination_type&quot;:&quot;numbers&quot;,&quot;classic_columns_tablet&quot;:&quot;2&quot;,&quot;classic_columns_mobile&quot;:&quot;1&quot;,&quot;classic_row_gap&quot;:{&quot;unit&quot;:&quot;px&quot;,&quot;size&quot;:35,&quot;sizes&quot;:[]},&quot;classic_row_gap_tablet&quot;:{&quot;unit&quot;:&quot;px&quot;,&quot;size&quot;:&quot;&quot;,&quot;sizes&quot;:[]},&quot;classic_row_gap_mobile&quot;:{&quot;unit&quot;:&quot;px&quot;,&quot;size&quot;:&quot;&quot;,&quot;sizes&quot;:[]}}\" data-widget_type=\"posts.classic\">\n\t\t\t\t<div class=\"elementor-widget-container\">\n\t\t\t\t\t\t\t<div class=\"elementor-posts-container elementor-posts elementor-posts--skin-classic elementor-grid\" role=\"list\">\n\t\t\t\t<article class=\"elementor-post elementor-grid-item post-8103 interview type-interview status-publish hentry\" role=\"listitem\">\n\t\t\t\t<div class=\"elementor-post__text\">\n\t\t\t\t<h3 class=\"elementor-post__title\">\n\t\t\t<a href=\"https:\/\/www.the-helping-people.com\/en\/interview\/the-helping-peolple-interview-andreas-engel\" >\n\t\t\t\tTHE HELPING PEOLPLE | Interview | Andreas Engel\t\t\t<\/a>\n\t\t<\/h3>\n\t\t\t\t<div class=\"elementor-post__meta-data\">\n\t\t\t\t\t<span class=\"elementor-post-date\">\n\t\t\t13. February 2023\t\t<\/span>\n\t\t\t\t<span class=\"elementor-post-avatar\">\n\t\t\tNo Comments\t\t<\/span>\n\t\t\t\t<\/div>\n\t\t\t\t<div class=\"elementor-post__excerpt\">\n\t\t\t<p>13.02.2023 interview mit Mit Andreas Engel &#8211; gr\u00fcnder und gesch\u00e4ftsf\u00fchrer Engel PR 1. Hallo Andreas, du bist das neuste Mitglied der HELPING PEOPLE Familie. Erz\u00e4hle<\/p>\n\t\t<\/div>\n\t\t\n\t\t<a class=\"elementor-post__read-more\" href=\"https:\/\/www.the-helping-people.com\/en\/interview\/the-helping-peolple-interview-andreas-engel\" aria-label=\"Read more about THE HELPING PEOLPLE | Interview | Andreas Engel\" tabindex=\"-1\" >\n\t\t\tWeiterlesen \u00bb\t\t<\/a>\n\n\t\t\t\t<\/div>\n\t\t\t\t<\/article>\n\t\t\t\t<article class=\"elementor-post elementor-grid-item post-8078 interview type-interview status-publish hentry\" role=\"listitem\">\n\t\t\t\t<div class=\"elementor-post__text\">\n\t\t\t\t<h3 class=\"elementor-post__title\">\n\t\t\t<a href=\"https:\/\/www.the-helping-people.com\/en\/interview\/the-helping-peolple-interview-maik-kaebisch\" >\n\t\t\t\tTHE HELPING PEOLPLE | Interview | Maik K\u00e4bisch\t\t\t<\/a>\n\t\t<\/h3>\n\t\t\t\t<div class=\"elementor-post__meta-data\">\n\t\t\t\t\t<span class=\"elementor-post-date\">\n\t\t\t10. February 2023\t\t<\/span>\n\t\t\t\t<span class=\"elementor-post-avatar\">\n\t\t\tNo Comments\t\t<\/span>\n\t\t\t\t<\/div>\n\t\t\t\t<div class=\"elementor-post__excerpt\">\n\t\t\t<p>10.02.2023 interview mit Mit Maik K\u00e4bisch &#8211; gr\u00fcnder und gesch\u00e4ftsf\u00fchrer der covado gmbh Lieber Maik, sch\u00f6n, dass wir dich als HELPING PEOPLE vorstellen d\u00fcrfen. Kannst<\/p>\n\t\t<\/div>\n\t\t\n\t\t<a class=\"elementor-post__read-more\" href=\"https:\/\/www.the-helping-people.com\/en\/interview\/the-helping-peolple-interview-maik-kaebisch\" aria-label=\"Read more about THE HELPING PEOLPLE | Interview | Maik K\u00e4bisch\" tabindex=\"-1\" >\n\t\t\tWeiterlesen \u00bb\t\t<\/a>\n\n\t\t\t\t<\/div>\n\t\t\t\t<\/article>\n\t\t\t\t<article class=\"elementor-post elementor-grid-item post-7688 interview type-interview status-publish hentry\" role=\"listitem\">\n\t\t\t\t<div class=\"elementor-post__text\">\n\t\t\t\t<h3 class=\"elementor-post__title\">\n\t\t\t<a href=\"https:\/\/www.the-helping-people.com\/en\/interview\/the-helping-peolple-interview-michael-jonas\" >\n\t\t\t\tTHE HELPING PEOLPLE | Interview | Michael Jonas\t\t\t<\/a>\n\t\t<\/h3>\n\t\t\t\t<div class=\"elementor-post__meta-data\">\n\t\t\t\t\t<span class=\"elementor-post-date\">\n\t\t\t24. October 2022\t\t<\/span>\n\t\t\t\t<span class=\"elementor-post-avatar\">\n\t\t\tNo Comments\t\t<\/span>\n\t\t\t\t<\/div>\n\t\t\t\t<div class=\"elementor-post__excerpt\">\n\t\t\t<p>25.10.2022 Interview mit Michael Jonas &#8211; Spender der Ausbildungsf\u00f6rderung f\u00fcr Stra\u00dfenkinder Hallo Michael, sch\u00f6n, dass wir heute die Gelegenheit haben dich n\u00e4her kennen zu lernen<\/p>\n\t\t<\/div>\n\t\t\n\t\t<a class=\"elementor-post__read-more\" href=\"https:\/\/www.the-helping-people.com\/en\/interview\/the-helping-peolple-interview-michael-jonas\" aria-label=\"Read more about THE HELPING PEOLPLE | Interview | Michael Jonas\" tabindex=\"-1\" >\n\t\t\tWeiterlesen \u00bb\t\t<\/a>\n\n\t\t\t\t<\/div>\n\t\t\t\t<\/article>\n\t\t\t\t<article class=\"elementor-post elementor-grid-item post-7248 interview type-interview status-publish hentry\" role=\"listitem\">\n\t\t\t\t<div class=\"elementor-post__text\">\n\t\t\t\t<h3 class=\"elementor-post__title\">\n\t\t\t<a href=\"https:\/\/www.the-helping-people.com\/en\/interview\/the-helping-peolple-doppelinterview-judith-wurm-und-marian-wurm\" >\n\t\t\t\tTHE HELPING PEOLPLE | Doppelinterview | Judith Wurm und Marian Wurm\t\t\t<\/a>\n\t\t<\/h3>\n\t\t\t\t<div class=\"elementor-post__meta-data\">\n\t\t\t\t\t<span class=\"elementor-post-date\">\n\t\t\t1. August 2022\t\t<\/span>\n\t\t\t\t<span class=\"elementor-post-avatar\">\n\t\t\tNo Comments\t\t<\/span>\n\t\t\t\t<\/div>\n\t\t\t\t<div class=\"elementor-post__excerpt\">\n\t\t\t<p>02.08.2022 Doppelinterview mit Judith Wurm und Marian Wurm &#8211; Gr\u00fcnder:innen und Vorstandsmitglieder der The Helping People Stiftung Hallo Judith und Marian, sch\u00f6n, dass wir euch<\/p>\n\t\t<\/div>\n\t\t\n\t\t<a class=\"elementor-post__read-more\" href=\"https:\/\/www.the-helping-people.com\/en\/interview\/the-helping-peolple-doppelinterview-judith-wurm-und-marian-wurm\" aria-label=\"Read more about THE HELPING PEOLPLE | Doppelinterview | Judith Wurm und Marian Wurm\" tabindex=\"-1\" >\n\t\t\tWeiterlesen \u00bb\t\t<\/a>\n\n\t\t\t\t<\/div>\n\t\t\t\t<\/article>\n\t\t\t\t<article class=\"elementor-post elementor-grid-item post-7227 interview type-interview status-publish hentry\" role=\"listitem\">\n\t\t\t\t<div class=\"elementor-post__text\">\n\t\t\t\t<h3 class=\"elementor-post__title\">\n\t\t\t<a href=\"https:\/\/www.the-helping-people.com\/en\/interview\/the-helping-peolple-doppelinterview-timo-abid-und-devah-falcone\" >\n\t\t\t\tTHE HELPING PEOLPLE | Doppelinterview | Timo Abid und Devah Falcone\t\t\t<\/a>\n\t\t<\/h3>\n\t\t\t\t<div class=\"elementor-post__meta-data\">\n\t\t\t\t\t<span class=\"elementor-post-date\">\n\t\t\t15. July 2022\t\t<\/span>\n\t\t\t\t<span class=\"elementor-post-avatar\">\n\t\t\tNo Comments\t\t<\/span>\n\t\t\t\t<\/div>\n\t\t\t\t<div class=\"elementor-post__excerpt\">\n\t\t\t<p>19.07.2022 Doppelinterview mit Timo Abid und Devah Falcone \u2013 Spender und Verantwortliche der \u201eSchulerweiterung&#8220; Hallo Devah und Timo, toll, dass ihr euch die Zeit f\u00fcr<\/p>\n\t\t<\/div>\n\t\t\n\t\t<a class=\"elementor-post__read-more\" href=\"https:\/\/www.the-helping-people.com\/en\/interview\/the-helping-peolple-doppelinterview-timo-abid-und-devah-falcone\" aria-label=\"Read more about THE HELPING PEOLPLE | Doppelinterview | Timo Abid und Devah Falcone\" tabindex=\"-1\" >\n\t\t\tWeiterlesen \u00bb\t\t<\/a>\n\n\t\t\t\t<\/div>\n\t\t\t\t<\/article>\n\t\t\t\t<article class=\"elementor-post elementor-grid-item post-7129 interview type-interview status-publish hentry\" role=\"listitem\">\n\t\t\t\t<div class=\"elementor-post__text\">\n\t\t\t\t<h3 class=\"elementor-post__title\">\n\t\t\t<a href=\"https:\/\/www.the-helping-people.com\/en\/interview\/the-helping-peolple-doppelinterview-thorsten-hackspiel-und-manuel-haeussler\" >\n\t\t\t\tTHE HELPING PEOLPLE |Doppelinterview | Thorsten Hackspiel und Manuel H\u00e4u\u00dfler\t\t\t<\/a>\n\t\t<\/h3>\n\t\t\t\t<div class=\"elementor-post__meta-data\">\n\t\t\t\t\t<span class=\"elementor-post-date\">\n\t\t\t3. July 2022\t\t<\/span>\n\t\t\t\t<span class=\"elementor-post-avatar\">\n\t\t\tNo Comments\t\t<\/span>\n\t\t\t\t<\/div>\n\t\t\t\t<div class=\"elementor-post__excerpt\">\n\t\t\t<p>05.07.2022 Doppelinterview mit Thorsten Hackspiel und Manuel H\u00e4u\u00dfler \u2013 Spender und Unterst\u00fctzer des \u201eTransition House\u201c Hallo Thorsten und Manuel, sch\u00f6n, dass ihr euch die Zeit<\/p>\n\t\t<\/div>\n\t\t\n\t\t<a class=\"elementor-post__read-more\" href=\"https:\/\/www.the-helping-people.com\/en\/interview\/the-helping-peolple-doppelinterview-thorsten-hackspiel-und-manuel-haeussler\" aria-label=\"Read more about THE HELPING PEOLPLE |Doppelinterview | Thorsten Hackspiel und Manuel H\u00e4u\u00dfler\" tabindex=\"-1\" >\n\t\t\tWeiterlesen \u00bb\t\t<\/a>\n\n\t\t\t\t<\/div>\n\t\t\t\t<\/article>\n\t\t\t\t<\/div>\n\t\t\n\t\t\t\t<div class=\"e-load-more-anchor\" data-page=\"1\" data-max-page=\"2\" data-next-page=\"https:\/\/www.the-helping-people.com\/en\/wp-json\/wp\/v2\/pages\/8133\/page\/2\/\"><\/div>\n\t\t\t\t<nav class=\"elementor-pagination\" aria-label=\"Pagination\">\n\t\t\t<span aria-current=\"page\" class=\"page-numbers current\"><span class=\"elementor-screen-only\">Page<\/span>1<\/span>\n<a class=\"page-numbers\" href=\"https:\/\/www.the-helping-people.com\/en\/wp-json\/wp\/v2\/pages\/8133\/page\/2\/\"><span class=\"elementor-screen-only\">Page<\/span>2<\/a>\t\t<\/nav>\n\t\t\t\t\t\t<\/div>\n\t\t\t\t<\/div>\n\t\t\t\t\t<\/div>\n\t\t<\/div>\n\t\t\t\t\t<\/div>\n\t\t<\/section>\n\t\t\t\t<\/div>","protected":false},"excerpt":{"rendered":"<p>Archiv Hier sammeln wir Interviews mit unseren HELPING PEOPLE<\/p>","protected":false},"author":5,"featured_media":0,"parent":0,"menu_order":0,"comment_status":"closed","ping_status":"closed","template":"","meta":{"_acf_changed":false,"inline_featured_image":false,"footnotes":""},"class_list":["post-8133","page","type-page","status-publish","hentry"],"acf":[],"yoast_head":"<!-- This site is optimized with the Yoast SEO plugin v26.6 - https:\/\/yoast.com\/wordpress\/plugins\/seo\/ -->\n<title>Archiv - The Helping People<\/title>\n<meta name=\"robots\" content=\"index, follow, max-snippet:-1, max-image-preview:large, max-video-preview:-1\" \/>\n<link rel=\"canonical\" href=\"https:\/\/www.the-helping-people.com\/en\/archivneu\/\" \/>\n<meta property=\"og:locale\" content=\"en_GB\" \/>\n<meta property=\"og:type\" content=\"article\" \/>\n<meta property=\"og:title\" content=\"Archiv - The Helping People\" \/>\n<meta property=\"og:description\" content=\"Archiv Hier sammeln wir Interviews mit unseren HELPING PEOPLE\" \/>\n<meta property=\"og:url\" content=\"https:\/\/www.the-helping-people.com\/en\/archivneu\/\" \/>\n<meta property=\"og:site_name\" content=\"The Helping People\" \/>\n<meta property=\"article:modified_time\" content=\"2023-02-15T05:26:17+00:00\" \/>\n<meta name=\"twitter:card\" content=\"summary_large_image\" \/>\n<script type=\"application\/ld+json\" class=\"yoast-schema-graph\">{\"@context\":\"https:\/\/schema.org\",\"@graph\":[{\"@type\":\"WebPage\",\"@id\":\"https:\/\/www.the-helping-people.com\/archivneu\/\",\"url\":\"https:\/\/www.the-helping-people.com\/archivneu\/\",\"name\":\"Archiv - The Helping People\",\"isPartOf\":{\"@id\":\"https:\/\/www.the-helping-people.com\/#website\"},\"datePublished\":\"2023-02-15T04:51:36+00:00\",\"dateModified\":\"2023-02-15T05:26:17+00:00\",\"breadcrumb\":{\"@id\":\"https:\/\/www.the-helping-people.com\/archivneu\/#breadcrumb\"},\"inLanguage\":\"en-GB\",\"potentialAction\":[{\"@type\":\"ReadAction\",\"target\":[\"https:\/\/www.the-helping-people.com\/archivneu\/\"]}]},{\"@type\":\"BreadcrumbList\",\"@id\":\"https:\/\/www.the-helping-people.com\/archivneu\/#breadcrumb\",\"itemListElement\":[{\"@type\":\"ListItem\",\"position\":1,\"name\":\"Startseite\",\"item\":\"https:\/\/www.the-helping-people.com\/\"},{\"@type\":\"ListItem\",\"position\":2,\"name\":\"Archiv\"}]},{\"@type\":\"WebSite\",\"@id\":\"https:\/\/www.the-helping-people.com\/#website\",\"url\":\"https:\/\/www.the-helping-people.com\/\",\"name\":\"The Helping People\",\"description\":\"Unsere Mission: 100%\",\"publisher\":{\"@id\":\"https:\/\/www.the-helping-people.com\/#organization\"},\"potentialAction\":[{\"@type\":\"SearchAction\",\"target\":{\"@type\":\"EntryPoint\",\"urlTemplate\":\"https:\/\/www.the-helping-people.com\/?s={search_term_string}\"},\"query-input\":{\"@type\":\"PropertyValueSpecification\",\"valueRequired\":true,\"valueName\":\"search_term_string\"}}],\"inLanguage\":\"en-GB\"},{\"@type\":\"Organization\",\"@id\":\"https:\/\/www.the-helping-people.com\/#organization\",\"name\":\"THE HELPING PEOPLE STIFTUNG\",\"url\":\"https:\/\/www.the-helping-people.com\/\",\"logo\":{\"@type\":\"ImageObject\",\"inLanguage\":\"en-GB\",\"@id\":\"https:\/\/www.the-helping-people.com\/#\/schema\/logo\/image\/\",\"url\":\"https:\/\/www.the-helping-people.com\/wp-content\/uploads\/2021\/11\/Logo_thp.png\",\"contentUrl\":\"https:\/\/www.the-helping-people.com\/wp-content\/uploads\/2021\/11\/Logo_thp.png\",\"width\":348,\"height\":348,\"caption\":\"THE HELPING PEOPLE STIFTUNG\"},\"image\":{\"@id\":\"https:\/\/www.the-helping-people.com\/#\/schema\/logo\/image\/\"}}]}<\/script>\n<!-- \/ Yoast SEO plugin. -->","yoast_head_json":{"title":"Archiv - The Helping People","robots":{"index":"index","follow":"follow","max-snippet":"max-snippet:-1","max-image-preview":"max-image-preview:large","max-video-preview":"max-video-preview:-1"},"canonical":"https:\/\/www.the-helping-people.com\/en\/archivneu\/","og_locale":"en_GB","og_type":"article","og_title":"Archiv - The Helping People","og_description":"Archiv Hier sammeln wir Interviews mit unseren HELPING PEOPLE","og_url":"https:\/\/www.the-helping-people.com\/en\/archivneu\/","og_site_name":"The Helping People","article_modified_time":"2023-02-15T05:26:17+00:00","twitter_card":"summary_large_image","schema":{"@context":"https:\/\/schema.org","@graph":[{"@type":"WebPage","@id":"https:\/\/www.the-helping-people.com\/archivneu\/","url":"https:\/\/www.the-helping-people.com\/archivneu\/","name":"Archiv - The Helping People","isPartOf":{"@id":"https:\/\/www.the-helping-people.com\/#website"},"datePublished":"2023-02-15T04:51:36+00:00","dateModified":"2023-02-15T05:26:17+00:00","breadcrumb":{"@id":"https:\/\/www.the-helping-people.com\/archivneu\/#breadcrumb"},"inLanguage":"en-GB","potentialAction":[{"@type":"ReadAction","target":["https:\/\/www.the-helping-people.com\/archivneu\/"]}]},{"@type":"BreadcrumbList","@id":"https:\/\/www.the-helping-people.com\/archivneu\/#breadcrumb","itemListElement":[{"@type":"ListItem","position":1,"name":"Startseite","item":"https:\/\/www.the-helping-people.com\/"},{"@type":"ListItem","position":2,"name":"Archiv"}]},{"@type":"WebSite","@id":"https:\/\/www.the-helping-people.com\/#website","url":"https:\/\/www.the-helping-people.com\/","name":"The Helping People","description":"Unsere Mission: 100%","publisher":{"@id":"https:\/\/www.the-helping-people.com\/#organization"},"potentialAction":[{"@type":"SearchAction","target":{"@type":"EntryPoint","urlTemplate":"https:\/\/www.the-helping-people.com\/?s={search_term_string}"},"query-input":{"@type":"PropertyValueSpecification","valueRequired":true,"valueName":"search_term_string"}}],"inLanguage":"en-GB"},{"@type":"Organization","@id":"https:\/\/www.the-helping-people.com\/#organization","name":"THE HELPING PEOPLE FOUNDATION","url":"https:\/\/www.the-helping-people.com\/","logo":{"@type":"ImageObject","inLanguage":"en-GB","@id":"https:\/\/www.the-helping-people.com\/#\/schema\/logo\/image\/","url":"https:\/\/www.the-helping-people.com\/wp-content\/uploads\/2021\/11\/Logo_thp.png","contentUrl":"https:\/\/www.the-helping-people.com\/wp-content\/uploads\/2021\/11\/Logo_thp.png","width":348,"height":348,"caption":"THE HELPING PEOPLE STIFTUNG"},"image":{"@id":"https:\/\/www.the-helping-people.com\/#\/schema\/logo\/image\/"}}]}},"_links":{"self":[{"href":"https:\/\/www.the-helping-people.com\/en\/wp-json\/wp\/v2\/pages\/8133","targetHints":{"allow":["GET"]}}],"collection":[{"href":"https:\/\/www.the-helping-people.com\/en\/wp-json\/wp\/v2\/pages"}],"about":[{"href":"https:\/\/www.the-helping-people.com\/en\/wp-json\/wp\/v2\/types\/page"}],"author":[{"embeddable":true,"href":"https:\/\/www.the-helping-people.com\/en\/wp-json\/wp\/v2\/users\/5"}],"replies":[{"embeddable":true,"href":"https:\/\/www.the-helping-people.com\/en\/wp-json\/wp\/v2\/comments?post=8133"}],"version-history":[{"count":16,"href":"https:\/\/www.the-helping-people.com\/en\/wp-json\/wp\/v2\/pages\/8133\/revisions"}],"predecessor-version":[{"id":8152,"href":"https:\/\/www.the-helping-people.com\/en\/wp-json\/wp\/v2\/pages\/8133\/revisions\/8152"}],"wp:attachment":[{"href":"https:\/\/www.the-helping-people.com\/en\/wp-json\/wp\/v2\/media?parent=8133"}],"curies":[{"name":"wp","href":"https:\/\/api.w.org\/{rel}","templated":true}]}}